{"id":89,"date":"2023-04-03T19:29:38","date_gmt":"2023-04-03T17:29:38","guid":{"rendered":"https:\/\/consolatozurigo.esteri.it\/?page_id=89"},"modified":"2026-02-20T14:45:22","modified_gmt":"2026-02-20T17:45:22","slug":"servizi-notarili","status":"publish","type":"page","link":"https:\/\/conslomasdezamora.esteri.it\/it\/servizi-consolari-e-visti\/servizi-per-il-cittadino-italiano\/servizi-notarili\/","title":{"rendered":"Servizi notarili"},"content":{"rendered":"<p><strong>Informazioni generali<\/strong><\/p>\n<p>Il servizio notarile \u00e8 riservato ai cittadini italiani che risultino essere residenti, in via permanente o temporanea, nella circoscrizione consolare di Lomas de Zamora. Nel caso di cittadini italiani di passaggio, l\u2019Ufficio valuter\u00e0 caso per caso l\u2019effettiva necessit\u00e0 ed urgenza del servizio richiesto.<\/p>\n<p>Gli utenti non in possesso di cittadinanza italiana dovranno rivolgersi ad un Notaio locale (vedi\u00a0<a href=\"https:\/\/conslomasdezamora.esteri.it\/it\/servizi-consolari-e-visti\/servizi-per-il-cittadino-italiano\/traduzione-e-legalizzazione-dei-documenti\/\"><strong>Legalizzazione di documenti<\/strong><\/a>).<\/p>\n<p>Informativa sul trattamento dei dati personali disponibile al link <a href=\"https:\/\/www.esteri.it\/it\/sportello_info\/informativa-sul-trattamento-dei-dati-personali\/\">https:\/\/www.esteri.it\/it\/sportello_info\/informativa-sul-trattamento-dei-dati-personali\/<\/a><\/p>\n<p>&nbsp;<\/p>\n<p><strong>Appuntamenti per procure, dichiarazioni di valore e pensioni<\/strong><\/p>\n<p>Il pubblico si riceve senza previo appuntamento dal luned\u00ec al venerd\u00ec dalle ore 9:00 alle ore 12:00.<\/p>\n<p><strong>Pagamento<\/strong><\/p>\n<p>La modalit\u00e0 del pagamento verr\u00e0 comunicata al richiedente dall\u2019Ufficio di competenza.<\/p>\n<p><strong>Email:\u00a0<\/strong><a href=\"mailto:notarile.lomas@esteri.it\">notarile.lomas@esteri.it<\/a> (procure e dichiarazioni di valore);<\/p>\n<p><a href=\"mailto:pensioni.lomas@esteri.it\">pensioni.lomas@esteri.it<\/a> (pensioni)<\/p>\n<p>&nbsp;<\/p>\n<h3><strong>Atti notarili<\/strong><\/h3>\n<p>Si tratta di atti <u>redatti in lingua italiana<\/u> per i quali \u00e8 richiesta la conoscenza della lingua e la presenza fisica del dichiarante, munito di un documento di identit\u00e0, presso gli uffici dell\u2019Agenzia Consolare.<\/p>\n<p>Per la preparazione della documentazione, data la complessit\u00e0 della materia, si consiglia di consultarsi preventivamente con il legale o notaio che in Italia dovr\u00e0 ricevere l\u2019atto firmato presso l\u2019Ufficio Consolare, per avere da questi indicazioni di massima su eventuali specifici contenuti che l\u2019atto stesso dovr\u00e0 riportare e farsi eventualmente mandare bozza dei contenuti.<\/p>\n<p>I dati che dovranno essere forniti sono i seguenti:<\/p>\n<ul>\n<li>mandante (colui che d\u00e0 mandato\/procura): cognome e nome, luogo e data di nascita, luogo di residenza (citt\u00e0, via\/piazza, numero civico), codice fiscale italiano;<\/li>\n<li>mandatario (colui che riceve mandato\/procura): cognome e nome, luogo e data di nascita, luogo di residenza (citt\u00e0, via\/piazza, numero civico), codice fiscale italiano,<\/li>\n<li>oggetto dell\u2019atto.<\/li>\n<\/ul>\n<p>&nbsp;<\/p>\n<p>Gli atti notarili possono avere per oggetto:<\/p>\n<ul>\n<li><strong>procura generale <\/strong>\u2013 (procura da utilizzare con estrema cautela dati gli ampissimi poteri che conferisce al mandatario): mandante + mandatario + 2 testimoni muniti di documento d\u2019identit\u00e0 valido;<\/li>\n<li><strong>procura speciale<\/strong> \u2013 da specificare se si tratta di:\n<ul>\n<li><u>liti<\/u>: mandante + mandatario (poich\u00e9 trattasi di un avvocato, fornire anche sede dello Studio legale) + generalit\u00e0 complete o estremi della persona o societ\u00e0 contro cui agire;<\/li>\n<li><u>acquisto o vendita beni immobili<\/u>: mandante + mandatario + descrizione dell\u2019immobile (ubicazione-composizione) preferibilmente con gli estremi catastali;<\/li>\n<li><u>acquisto o vendita autoveicoli\/motocicli<\/u>: mandante + mandatario + descrizione del veicolo\/motociclo (marca, modello, targa);<\/li>\n<li><u>acquisto\/vendita\/scioglimento di societ\u00e0<\/u>: mandante + mandatario + descrizione della societ\u00e0;<\/li>\n<li><u>pratiche di successione e\/o atti di accettazione\/rinuncia relativi a eredit\u00e0<\/u><strong>:<\/strong> mandante + mandatario + bene oggetto dell\u2019eredit\u00e0 + generalit\u00e0 complete del \u201cde cujus\u201d (congiunto deceduto), compresi luogo e data di nascita e di decesso, + 2 testimoni muniti di documento d\u2019identit\u00e0 valido;<\/li>\n<li><u>donazione\/accettazione di donazione<\/u>: mandante + mandatario + beneficiario della donazione + descrizione dettagliata dei beni oggetto della donazione + 2 testimoni muniti di documento d\u2019identit\u00e0 valido.<\/li>\n<\/ul>\n<\/li>\n<\/ul>\n<p><strong>\u00a0<\/strong><\/p>\n<h3><strong>Testamenti \u2013 Autenticazioni \u2013 Autocertificazioni \u2013 Attestati<\/strong><\/h3>\n<h3><\/h3>\n<p>&nbsp;<\/p>\n<h3><strong>Testamenti<\/strong><\/h3>\n<ul>\n<li>il <u>testamento pubblico<\/u> \u00e8 la dichiarazione orale di volont\u00e0 del testatore resa al funzionario consolare delegato alle funzioni notarili in presenza di due testimoni;<\/li>\n<li>il <u>testamento segreto<\/u>, il cui contenuto dunque rimane segreto, pu\u00f2 essere depositato presso il Consolato che si limita a ricevere formalmente l\u2019atto e a depositarlo nei suoi archivi;<\/li>\n<li>il <u>testamento olografo<\/u> deve essere scritto integralmente di pugno dal testatore e pu\u00f2 essere depositato in ogni luogo, incluso il Consolato, e presso chiunque.<\/li>\n<\/ul>\n<p>&nbsp;<\/p>\n<h3><strong>Autenticazioni<\/strong><\/h3>\n<ul>\n<li><u>autentica di firma<\/u> \u2013 consiste nell\u2019attestazione da parte del pubblico funzionario della firma apposta in sua presenza. Per procedere all\u2019autenticazione della firma \u00e8 necessario presentarsi personalmente presso l\u2019Ufficio Notarile con un documento di riconoscimento in corso di validit\u00e0;<\/li>\n<li><u>autentica di fotografia<\/u> \u2013 \u00e8 necessario presentarsi presso l\u2019Ufficio Notarile con tre fotografie uguali ed un documento di riconoscimento in corso di validit\u00e0.<\/li>\n<\/ul>\n<p>&nbsp;<\/p>\n<h3><strong>Autocertificazione<\/strong><\/h3>\n<p>\u00c8 una dichiarazione che l\u2019interessato redige e sottoscrive nel proprio interesse su stati, fatti e qualit\u00e0 personali e che utilizza nei rapporti con la Pubblica Amministrazione e con i gestori di pubblici servizi. Nel rapporto con un soggetto privato il ricorso all\u2019autocertificazione \u00e8 rimesso alla discrezionalit\u00e0 di quest\u2019ultimo.<\/p>\n<p>*Il <u>1\u00b0 gennaio 2012<\/u> sono entrate in vigore le nuove disposizioni in materia di certificati e di dichiarazioni sostitutive, di cui all\u2019art. 15 della legge 12 novembre 2011 n. 183. A decorrere da tale data i certificati avranno pertanto validit\u00e0 solo nei rapporti tra privati, mentre <u>le Amministrazioni Pubbliche non potranno pi\u00f9 chiedere o accettare i certificati, che dovranno essere sempre sostituiti da autocertificazioni<\/u>.<strong><br \/>\n<\/strong><br \/>\nLe norme sull\u2019autocertificazione si applicano ai cittadini italiani e dell\u2019Unione europea, nonch\u00e9 ai cittadini extracomunitari regolarmente soggiornanti in Italia limitatamente ai dati verificabili o certificabili in Italia da soggetti pubblici.<\/p>\n<p>Nel caso vengano riscontrate dichiarazioni mendaci, la falsit\u00e0 negli atti e l\u2019uso di atti falsi sono puniti ai sensi del codice penale e delle leggi speciali in materia (art. 76 DPR 445\/2000). Il dichiarante inoltre decade dai benefici eventualmente conseguiti grazie a provvedimenti basati su dichiarazioni non veritiere.<\/p>\n<p>&nbsp;<\/p>\n<p><strong>Attestati Vari<\/strong> (con esclusione del certificato di cittadinanza)<\/p>\n<ul>\n<li><u>attestato di medesima persona<\/u> \u2013 l\u2019interessato dovr\u00e0 presentare originale e copia della documentazione da dove risulta la discordanza (es. certificato di nascita, documento argentino, passaporto, ecc.). L\u2019attestato verr\u00e0 prodotto in base alle risultanze dei documenti presentati.<\/li>\n<\/ul>\n<p><strong>\u00a0<\/strong><\/p>\n<h3><strong>Rimpatrio Salme e Ceneri in Italia<\/strong><\/h3>\n<p>Il richiedente, o un suo delegato, dovr\u00e0 presentarsi, senza appuntamento, all\u2019Ufficio Notarile per effettuare le pratiche relative alla traslazione ceneri\/salma in Italia.<\/p>\n<p><strong>Documentazione<\/strong><\/p>\n<ul>\n<li>due atti di morte in originale, di cui uno munito di \u201c<em>Apostille de La Haya<\/em>\u201d apposta dal Ministerio de Relaciones Exteriores o dal Colegio de Escribanos, entrambi con relativa traduzione in italiano (qualora fosse necessario reperire un traduttore si prega di consultare la seguente pagina: <strong><a href=\"http:\/\/www.traductores.org.ar\/\">www.traductores.org.ar<\/a><\/strong>) + una fotocopia;<\/li>\n<li>autorizzazione alla tumulazione della salma\/ceneri rilasciata dal competente Comune;<\/li>\n<li>(<u>in caso di ceneri<\/u>) certificato di cremazione (senza traduzione);<\/li>\n<li>(<u>in caso di salma<\/u>) certificato medico (senza traduzione) dove venga indicato che il decesso non \u00e8 avvenuto a causa di malattia infetto-contagiosa.<br \/>\nLa firma del medico dovr\u00e0 essere legalizzata dal \u201cMinisterio de Salud\u201d.<br \/>\nIn caso di recente decesso (24\/48 ore) si richiede altres\u00ec il \u201cCertificado de Tanatopraxia\u201d predisposto dalla ditta di pompe funebri dove venga indicato che il corpo \u00e8 stato trattato secondo le norme internazionali attualmente vigenti.<br \/>\nTrascorse le 48 ore dal decesso il certificato rilasciato dal medico dovr\u00e0 indicare, altres\u00ec, che la salma \u00e8 stata sottoposta a trattamento antiputrefattivo mediante introduzione nelle cavit\u00e0 corporee di almeno 500 cc. di formalina, dopo che sia trascorso l\u2019eventuale periodo di osservazione;<\/li>\n<li>indicare compagnia aerea, volo, data di arrivo in Italia e valico di frontiera.<\/li>\n<\/ul>\n<p>*L\u2019Ufficio di competenza comunicher\u00e0 le istruzioni per la consegna delle ceneri\/salme.<\/p>\n<p>Una volta presentata la documentazione di cui sopra, l\u2019Agenzia Consolare provvede a richiedere al Comune il nulla osta all\u2019ingresso delle ceneri\/salma.\u00a0 Dopodich\u00e9, si provveder\u00e0 all\u2019apposizione dei relativi sigilli e alla consegna del passaporto mortuario con allegato atto di morte legalizzato.<\/p>\n<p><strong>\u00a0<\/strong><\/p>\n<h3><strong>Informazioni Utili<\/strong><\/h3>\n<p>Di seguito vengono fornite indicazioni relative a pratiche da effettuare presso le competenti autorit\u00e0 argentine senza la necessit\u00e0 di doversi presentare in Agenzia consolare.<\/p>\n<ol>\n<li><strong> TRASPORTO ANIMALI DI COMPAGNIA<\/strong><\/li>\n<\/ol>\n<p>\u00c8 necessario rivolgersi al \u201cLazareto\u201d di Buenos Aires, che rilascer\u00e0 la documentazione occorrente. Indirizzo: Elvira Rawson de Dellepiane (ex Brasil) y Jos\u00e9 Balbin \u2013 D\u00e1rsena Sur \u2013 Puerto de Buenos Aires.<br \/>\nOrario: dal luned\u00ec al venerd\u00ec dalle 10:30 alle 15:30 Tel 4362 \u2013 5755 \/ 4361- 4632. Mail: <a href=\"mailto:lazareto@senasa.gov.ar\">lazareto@senasa.gov.ar<\/a>.<\/p>\n<p>Entrare nella pagina web <a href=\"http:\/\/www.senasa.gov.ar\">www.senasa.gov.ar<\/a> ed entrare nel link \u201crequisito para viajar con mascotas al exterior\u201d dove vengono fornite informazioni aggiornate sulla documentazione e sui requisiti necessari secondo il Paese di destinazione.<\/p>\n<p>Si consiglia comunque di verificare in anticipo le informazioni sopra riportate.<\/p>\n<p>&nbsp;<\/p>\n<ol start=\"2\">\n<li><strong> \u201cCASELLARIO GIUDIZIALE\u201d DA PRESENTARE ALLE AUTORIT\u00c1 LOCALI.<\/strong><\/li>\n<\/ol>\n<p>Il certificato del casellario giudiziale \u00e8 uno dei documenti fondamentali da presentare alle autorit\u00e0 locali per richiedere il permesso di soggiorno in territorio argentino.<br \/>\nL\u2019unica autorit\u00e0 competente al rilascio di tale certificato \u00e8 il Ministero della Giustizia italiano. Le persone chiamate a presentare questo documento presso un\u2019autorit\u00e0 argentina devono richiedere il certificato dei carichi pendenti alla Procura della Repubblica del luogo di ultima residenza o di iscrizione AIRE (nel caso di connazionali non residenti in Italia e provenienti da altra circoscrizione consolare extra Argentina). Affinch\u00e9 tale atto possa essere valido all\u2019estero, deve essere munito di APOSTILLE che viene apposta dalla stessa Procura della Repubblica.<\/p>\n<p><a href=\"http:\/\/www.giustizia.it\/giustizia\/it\/mg_3_3_2.wp\">http:\/\/www.giustizia.it\/giustizia\/it\/mg_3_3_2.wp<\/a><\/p>\n<ol start=\"3\">\n<li><strong> APOSTILLE SU ATTI RILASCIATI IN ITALIA<\/strong><\/li>\n<\/ol>\n<p>Gli atti rilasciati in Italia (atti di stato civile, procure, sentenze, casellario giudiziale), da valere in Argentina, devono essere Apostillati in Italia presso la Prefettura o la Procura della Repubblica competente al luogo di rilascio degli stessi. Non \u00e8 possibile effettuare tale legalizzazione nell\u2019Agenzia Consolare.<\/p>\n<p><strong>IMPORTANTE: in nessun caso l\u2019Agenzia Consolare pu\u00f2 sostituirsi alle autorit\u00e0 preposte al rilascio del casellario giudiziale n\u00e9 all\u2019apposizione dell\u2019Apostille.<\/strong><\/p>\n","protected":false},"excerpt":{"rendered":"Informazioni generali Il servizio notarile \u00e8 riservato ai cittadini italiani che risultino essere residenti, in via permanente o temporanea, nella circoscrizione consolare di Lomas de Zamora. Nel caso di cittadini italiani di passaggio, l\u2019Ufficio valuter\u00e0 caso per caso l\u2019effettiva necessit\u00e0 ed urgenza del servizio richiesto. Gli utenti non in possesso di cittadinanza italiana dovranno rivolgersi [&hellip;]","protected":false},"author":1,"featured_media":0,"parent":59,"menu_order":12,"comment_status":"closed","ping_status":"closed","template":"","meta":{"footnotes":""},"class_list":["post-89","page","type-page","status-publish","hentry"],"_links":{"self":[{"href":"https:\/\/conslomasdezamora.esteri.it\/it\/wp-json\/wp\/v2\/pages\/89","targetHints":{"allow":["GET"]}}],"collection":[{"href":"https:\/\/conslomasdezamora.esteri.it\/it\/wp-json\/wp\/v2\/pages"}],"about":[{"href":"https:\/\/conslomasdezamora.esteri.it\/it\/wp-json\/wp\/v2\/types\/page"}],"author":[{"embeddable":true,"href":"https:\/\/conslomasdezamora.esteri.it\/it\/wp-json\/wp\/v2\/users\/1"}],"replies":[{"embeddable":true,"href":"https:\/\/conslomasdezamora.esteri.it\/it\/wp-json\/wp\/v2\/comments?post=89"}],"version-history":[{"count":6,"href":"https:\/\/conslomasdezamora.esteri.it\/it\/wp-json\/wp\/v2\/pages\/89\/revisions"}],"predecessor-version":[{"id":5381,"href":"https:\/\/conslomasdezamora.esteri.it\/it\/wp-json\/wp\/v2\/pages\/89\/revisions\/5381"}],"up":[{"embeddable":true,"href":"https:\/\/conslomasdezamora.esteri.it\/it\/wp-json\/wp\/v2\/pages\/59"}],"wp:attachment":[{"href":"https:\/\/conslomasdezamora.esteri.it\/it\/wp-json\/wp\/v2\/media?parent=89"}],"curies":[{"name":"wp","href":"https:\/\/api.w.org\/{rel}","templated":true}]}}