{"id":85,"date":"2023-04-03T19:28:49","date_gmt":"2023-04-03T17:28:49","guid":{"rendered":"https:\/\/consolatozurigo.esteri.it\/?page_id=85"},"modified":"2026-03-12T14:14:18","modified_gmt":"2026-03-12T17:14:18","slug":"anagrafe-degli-italiani-residenti-allestero-aire","status":"publish","type":"page","link":"https:\/\/conslomasdezamora.esteri.it\/it\/servizi-consolari-e-visti\/servizi-per-il-cittadino-italiano\/anagrafe-degli-italiani-residenti-allestero-aire\/","title":{"rendered":"Anagrafe degli Italiani residenti all\u2019estero (AIRE)"},"content":{"rendered":"<p>Se si risiede nella circoscrizione consolare di Lomas de Zamora \u00e8 un dovere del cittadino registrarsi nell\u2019anagrafe consolare e mantenere il proprio fascicolo aggiornato (comunicando, ad esempio, cambi di domicilio, di stato civile, trasferimenti o rimpatri ecc.).<\/p>\n<p>Questa Agenzia Consolare lavora e invia le richieste dei cittadini al Comune in Italia di competenza per l\u2019iscrizione o l\u2019aggiornamento della posizione A.I.R.E. (Anagrafe della popolazione Italiana Residente all\u2019Estero) o per comunicare un rientro in Italia.<\/p>\n<p><strong>Tutti gli utenti residenti nei Comuni (Partidos) di Lomas de Zamora, Lan\u00fas, Almirante Brown, Esteban Echeverr\u00eda, Ezeiza, Presidente Per\u00f3n e San Vicente dovranno fare la registrazione attraverso il\u00a0portale <a href=\"https:\/\/serviziconsolari.esteri.it\/home\">Fast It<\/a>.<\/strong><\/p>\n<p>\u00c8 importante che, al momento di effettuare la registrazione nel portale, i dati anagrafici vengano indicati in forma corretta e precisa senza includere \u201ctildes\u201d e caratteri speciali (es. \u00d1).<\/p>\n<p>Dopo la registrazione nel portale e dopo aver attivato il proprio account, \u00e8 necessario attendere una mail di conferma. Solo successivamente si potr\u00e0 accedere al portale e, nella sezione \u201cRegistro Consolare e AIRE\u201d, procedere selezionando tra i seguenti servizi disponibili:<\/p>\n<ul>\n<li>richiedere l\u2019iscrizione all\u2019Anagrafe degli Italiani all\u2019Estero (A.I.R.E.);<\/li>\n<li>visualizzare la propria scheda anagrafica;<\/li>\n<li>comunicare la variazione della propria residenza;<\/li>\n<\/ul>\n<p>&nbsp;<\/p>\n<p>\u00c8 inoltre possibile, in via residuale, presentare la propria dichiarazione di trasferimento\/rimpatrio in Italia tramite email a <a href=\"mailto:anagrafe.lomas@esteri.it\">anagrafe.lomas@esteri.it<\/a>, indicando nell&#8217;oggetto: TRASFERIMENTO\/RIMPATRIO IN ITALIA e allegando la seguente documentazione:<\/p>\n<ul>\n<li>dichiarazione di trasferimento\/rimpatrio (<a href=\"https:\/\/conslomasdezamora.esteri.it\/wp-content\/uploads\/2024\/04\/modulo-trasferimento.pdf\" target=\"_blank\" rel=\"noopener\"><strong>scarica il modulo<\/strong><\/a>), compilata in tutti i campi e firmata;<\/li>\n<li>copia di un documento d\u2019identit\u00e0 in corso di validit\u00e0.<strong><br \/>\n<\/strong><\/li>\n<\/ul>\n<p>&nbsp;<\/p>\n<p><strong><a href=\"https:\/\/conslomasdezamora.esteri.it\/wp-content\/uploads\/2024\/05\/Fast_It_-_Manuale_per_il_Cittadino.pdf\">Clicca qui per visualizzare il manuale dell&#8217;utente FAST-IT<\/a><\/strong><\/p>\n<p>Per eventuali problemi tecnici<br \/>\n<strong>E-mail: <a href=\"mailto:anagrafe.lomas@esteri.it\">anagrafe.lomas@esteri.it<\/a><\/strong><\/p>\n<p><a href=\"https:\/\/www.youtube.com\/playlist?list=PLjJM0zO_UjsxXlAnyrDQW9jJvxHnXhIy1\"><strong>Vedi i video tutorial<\/strong><\/a><\/p>\n","protected":false},"excerpt":{"rendered":"Se si risiede nella circoscrizione consolare di Lomas de Zamora \u00e8 un dovere del cittadino registrarsi nell\u2019anagrafe consolare e mantenere il proprio fascicolo aggiornato (comunicando, ad esempio, cambi di domicilio, di stato civile, trasferimenti o rimpatri ecc.). Questa Agenzia Consolare lavora e invia le richieste dei cittadini al Comune in Italia di competenza per l\u2019iscrizione [&hellip;]","protected":false},"author":1,"featured_media":0,"parent":59,"menu_order":4,"comment_status":"closed","ping_status":"closed","template":"","meta":{"footnotes":""},"class_list":["post-85","page","type-page","status-publish","hentry"],"_links":{"self":[{"href":"https:\/\/conslomasdezamora.esteri.it\/it\/wp-json\/wp\/v2\/pages\/85","targetHints":{"allow":["GET"]}}],"collection":[{"href":"https:\/\/conslomasdezamora.esteri.it\/it\/wp-json\/wp\/v2\/pages"}],"about":[{"href":"https:\/\/conslomasdezamora.esteri.it\/it\/wp-json\/wp\/v2\/types\/page"}],"author":[{"embeddable":true,"href":"https:\/\/conslomasdezamora.esteri.it\/it\/wp-json\/wp\/v2\/users\/1"}],"replies":[{"embeddable":true,"href":"https:\/\/conslomasdezamora.esteri.it\/it\/wp-json\/wp\/v2\/comments?post=85"}],"version-history":[{"count":6,"href":"https:\/\/conslomasdezamora.esteri.it\/it\/wp-json\/wp\/v2\/pages\/85\/revisions"}],"predecessor-version":[{"id":5563,"href":"https:\/\/conslomasdezamora.esteri.it\/it\/wp-json\/wp\/v2\/pages\/85\/revisions\/5563"}],"up":[{"embeddable":true,"href":"https:\/\/conslomasdezamora.esteri.it\/it\/wp-json\/wp\/v2\/pages\/59"}],"wp:attachment":[{"href":"https:\/\/conslomasdezamora.esteri.it\/it\/wp-json\/wp\/v2\/media?parent=85"}],"curies":[{"name":"wp","href":"https:\/\/api.w.org\/{rel}","templated":true}]}}