{"id":67,"date":"2023-04-03T19:27:59","date_gmt":"2023-04-03T17:27:59","guid":{"rendered":"https:\/\/consolatozurigo.esteri.it\/?page_id=67"},"modified":"2026-03-31T09:44:01","modified_gmt":"2026-03-31T12:44:01","slug":"passaporti-e-carte-didentita","status":"publish","type":"page","link":"https:\/\/conslomasdezamora.esteri.it\/it\/servizi-consolari-e-visti\/servizi-per-il-cittadino-italiano\/passaporti-e-carte-didentita\/","title":{"rendered":"Passaporto"},"content":{"rendered":"<p><strong>COME RICHIEDERE IL PASSAPORTO E I SUOI REQUISITI<\/strong><\/p>\n<p>Gli appuntamenti si aprono dal luned\u00ec al venerd\u00ec alle 14:00 (ora italiana) e si ottengono esclusivamente attraverso il link &#8220;<a href=\"https:\/\/prenotami.esteri.it\/\">Prenot@Mi<\/a>&#8221; dal nostro sito web\u00a0<a href=\"https:\/\/conslomasdezamora.esteri.it\/\">https:\/\/conslomasdezamora.esteri.it<\/a>,\u00a0<strong>solo per coloro che risiedono nella nostra circoscrizione, comprendente i distretti di Almirante Brown, Esteban Echeverr\u00eda, Ezeiza, Lan\u00fas, Lomas de Zamora, San Vicente, Presidente Per\u00f3n.<\/strong> I non residenti in questa circoscrizione consolare potranno ottenere il passaporto solo previa delega dell&#8217;autorit\u00e0 competente all&#8217;emissione. I passaporti in corso di validit\u00e0 verranno sostituiti a partire dai <strong>sei mesi precedenti<\/strong>\u00a0alla scadenza naturale, i casi che richiedano di un trattamento speciale dovranno essere dovutamente documentati.<\/p>\n<p>In caso di urgenza, debitamente documentata, si pu\u00f2 chiedere l&#8217;appuntamento scrivendo all&#8217;indirizzo e-mail: passaporti.lomas@esteri.it.<\/p>\n<p>Una volta ottenuto l\u2019appuntamento non \u00e8 necessario confermarlo ed \u00e8 <strong>presenziale<\/strong>.<\/p>\n<p>Se il richiedente non intende presentarsi, \u00e8 pregato di annullare il proprio appuntamento.<\/p>\n<p>Si consiglia di effettuare la richiesta in tempo utile per viaggiare. NON si concedono appuntamenti eccezionali per turismo n\u00e9 per biglietto acquistato prima di prenotarsi.<\/p>\n<p>Ogni cittadino maggiore di 18 anni deve richiedere il PROPRIO APPUNTAMENTO individualmente. Se, oltre all\u2019adulto, si desidera richiedere il passaporto per i figli minori, i bambini devono essere inseriti nel campo &#8220;note&#8221; (indicare sempre la quantit\u00e0 totale di figli minori nella voce &#8220;Numero di figli minorenni&#8221;).<\/p>\n<p><strong>N.B<\/strong>: I connazionali che abbiano compiuto 70 anni NON hanno bisogno dell&#8217;appuntamento per richiedere il proprio passaporto e possono presentarsi direttamente in Agenzia Consolare nei giorni e negli orari di apertura al pubblico (dal luned\u00ec al venerd\u00ec, dalle ore 9:00 alle ore 13:00, esclusi i festivi).<br \/>\n<strong>Il passaporto \u00e8 consegnato in giornata SOLO se la situazione anagrafica del richiedente \u00e8 aggiornata (indirizzo, matrimonio, divorzio, vedovanza, nascita figli minori, ecc.)<\/strong>. Per regolarizzare la propria posizione anagrafica occorre riferirsi al nostro Ufficio Anagrafe, previa prenotazione del turno. Per prenotarsi in Anagrafe, sono <a href=\"https:\/\/conslomasdezamora.esteri.it\/it\/servizi-consolari-e-visti\/servizi-per-il-cittadino-italiano\/\">qui disponibili le procedure<\/a>.<\/p>\n<p><strong>Per errori di stampa nei dati personali sul libretto di viaggio, il connazionale \u00e8 tenuto a segnalarli al momento di ritirare il documento. Trascorso questo termine, l\u2019interessato dovr\u00e0 richiedere il rilascio di un nuovo passaporto con tutti gli oneri conseguenti.<\/strong><br \/>\nL&#8217;accesso all\u2019Agenzia Consolare per richiedere il passaporto \u00e8 consentito solo al titolare del turno.<br \/>\nQuesta Agenzia non fornisce informazioni sull\u2019ingresso negli Stati Uniti con passaporto italiano. A questo proposito, si suggerisce di consultare la sezione &#8220;Visti&#8221; sul sito web dell\u2019Ambasciata degli Stati Uniti in Italia (<a href=\"https:\/\/it.usembassy.gov\/it\/visti\/niv\/\">https:\/\/it.usembassy.gov\/it\/visti\/niv\/<\/a>).<\/p>\n<p><strong>REQUISITI GENERALI E DOCUMENTI RICHIESTI PER IL RILASCIO DEL PASSAPORTO<\/strong><br \/>\nIl principale requisito \u00e8 essere residenti nella circoscrizione consolare e regolarmente iscritti nei nostri registri consolari (devono essere aggiornati lo stato civile, l\u2019indirizzo, la nascita dei figli minori, ecc.; altrimenti, rivolgersi prima all\u2019Ufficio Anagrafe).<\/p>\n<p>I documenti di seguito elencati devono essere presentati in originale:<\/p>\n<ul>\n<li>passaporto italiano scaduto o in vigore, se esistente;<\/li>\n<li>carta d\u2019identit\u00e0 o DNI in vigore (in originale e fotocopia) indicante l\u2019indirizzo REALE del richiedente (se trattasi di un minore, anche CI o DNI dei genitori, in originale e copia. I minori con indirizzo diverso dal padre e dalla madre non saranno ammessi);<\/li>\n<li>bolletta recente di un servizio (luce, gas, acqua, telefono fisso, tv privata, Internet, ecc.) o contratto di affitto intestato al richiedente e con l\u2019indicazione del domicilio, contenente lo stesso indirizzo riportato sulla carta d\u2019identit\u00e0 o DNI; gli studenti fino a 28 anni possono presentare un documento recente comprovante il loro status di studenti, con indicazione di domicilio, e un&#8217;utenza a nome di uno dei genitori conviventi; la bolletta presentata non costituisce di per s\u00e9 prova della residenza reale e l\u2019Agenzia si riserva il diritto di verificare la veridicit\u00e0 del domicilio richiedendo documentazione ulteriore.<\/li>\n<\/ul>\n<p>Pur non essendo indispensabile, a fronte di eventuali inconvenienti tecnici, \u00e8 consigliabile, <strong>soprattutto per i bambini<\/strong>, portare una (1) fotografia recente (non pi\u00f9 di 6 mesi) secondo gli standard internazionali ICAO (<a href=\"https:\/\/www.esteri.it\/it\/servizi-consolari-e-visti\/italiani-all-estero\/documenti_di_viaggio\/linee-guida-foto-icao\/\">https:\/\/www.esteri.it\/it\/servizi-consolari-e-visti\/italiani-all-estero\/documenti_di_viaggio\/linee-guida-foto-icao\/<\/a>): formato tessera con le misure indicate, a colori, su fondo BIANCO, che ritraggano il viso di fronte, con l\u2019arco sopraccigliare scoperto, espressione neutra, bocca chiusa e senza occhiali. Il viso deve essere collocato vicino alla fotocamera.<br \/>\n<strong>E\u2019 altamente raccomandabile presentare la foto in caso di bambini piccoli<\/strong>.<\/p>\n<p><strong>GENITORI DI FIGLI MINORENNI<br \/>\n<\/strong>Ai sensi del D.L. 69\/2023, dal 14 giugno 2023 non \u00e8 pi\u00f9 necessario presentare l\u2019atto di assenso dell\u2019altro genitore ai fini del rilascio del proprio documento d\u2019identit\u00e0 (passaporto e CIE).<br \/>\nIl novellato articolo 3-bis della legge 1185\/1967 prevede ora che, quando vi \u00e8 concreto e attuale pericolo che a causa del trasferimento all\u2019estero questo possa sottrarsi all\u2019adempimento dei suoi obblighi verso i figli, sar\u00e0 possibile per l\u2019altro genitore richiedere una inibitoria al rilascio del documento.<br \/>\nL\u2019istanza potr\u00e0 essere presentata al giudice competente presso il Tribunale ordinario in cui il minore ha la residenza abituale ovvero, se il minore \u00e8 residente all\u2019estero, il Tribunale nel cui circondario si trova il suo Comune di iscrizione AIRE.<\/p>\n<p><strong>PASSAPORTO PER I MINORENNI<\/strong><br \/>\nSe l\u2019appuntamento \u00e8 solo per il figlio minore, il turno deve essere prenotato da uno dei genitori ed indicare nel campo &#8220;Note per la sede&#8221; che il passaporto richiesto \u00e8 soltanto per il minore.<br \/>\nAi fini del rilascio del passaporto ai minori vige l\u2019obbligo dell\u2019assenso anticipato firmato da entrambi i genitori o da chi esercita la responsabilit\u00e0 genitoriale.<br \/>\nL\u2019assenso pu\u00f2 essere manifestato per iscritto in una delle seguenti forme:<\/p>\n<ul>\n<li>personalmente presso questa Agenzia Consolare al momento della presentazione della domanda di rilascio del passaporto (si ricorda che chi d\u00e0 l\u2019assenso deve essere munito di D.N.I., in originale e fotocopia semplice), oppure anche in altro momento (prima dell&#8217;appuntamento) qualora uno dei due genitori non possa presentarsi il giorno previsto. In questo caso \u00e8 necessario concordare con l\u2019Ufficio Passaporti via e-mail il giorno e l\u2019orario in cui presentarsi in Consolato.<\/li>\n<li><strong>Attenzione<\/strong>: Nel caso in cui\u00a0<strong>l\u2019atto di assenso<\/strong>\u00a0debba essere firmato presso questa Agenzia Consolare\u00a0<strong>per essere presentato in Italia o in altre sedi consolari italiane in Argentina o all\u2019estero<\/strong>, \u00e8 necessario\u00a0<strong>prenotare un turno tramite il sistema Prenot@Mi, selezionando il servizio corrispondente<\/strong>. L\u2019atto di assenso in questo caso \u00e8 soggetto al pagamento di una tariffa consolare in pesos argentini, corrispondente a 20 euro;<\/li>\n<li>personalmente presso qualsiasi Ufficio consolare italiano e alcuni Uffici consolari onorari italiani autorizzati all\u2019estero, o presso le Questure italiane; questi Uffici realizzeranno l\u2019autenticazione della firma del genitore che d\u00e0 l\u2019assenso dietro pagamento della tariffa corrispondente;<\/li>\n<li>personalmente presso un notaio argentino, con successiva apposizione dell\u2019Apostille secondo la Convezione dell\u2019Aia e traduzione in italiano della dichiarazione di assenso;<\/li>\n<\/ul>\n<p>I cittadini italiani e dell\u2019Unione Europea possono manifestare l\u2019assenso compilando e firmando l\u2019apposito modulo (<a href=\"https:\/\/conslomasdezamora.esteri.it\/wp-content\/uploads\/2023\/10\/Atto-assenso-passaporto-minori.docx\">qui il modello<\/a>) e inviarlo per posta\u00a0<strong>allegando copia di un documento rilasciato da un Paese dell\u2019Unione Europea ove appaia la firma del dichiarante<\/strong>.<\/p>\n<p><strong>Che fare in caso di rifiuto dell\u2019assenso<\/strong><br \/>\nIn caso di mancato assenso dell\u2019altro genitore, l\u2019interessato potr\u00e0 rivolgere motivata istanza all\u2019Agente Consolare nella sua veste di Giudice Tutelare dei minori residenti nella circoscrizione consolare (<a href=\"https:\/\/conslomasdezamora.esteri.it\/wp-content\/uploads\/2023\/10\/Richiesta-decreto-consolare-passaporti.doc\">qui il modello<\/a>).<br \/>\nL\u2019istanza \u00e8 soggetta al pagamento della tariffa consolare nel corrispettivo in pesos di 11 euro. All\u2019esito della relativa istruttoria, l\u2019Agente Consolare \u2013 Giudice Tutelare provvede con apposito Decreto, anch\u2019esso soggetto alla tariffa consolare dell\u2019equivalente in pesos di 11 euro.<\/p>\n<p><strong>COSTO E VALIDIT\u00c0 DEL PASSAPORTO<\/strong><br \/>\nIl costo del passaporto \u00e8 di euro 116. Tale importo \u00e8 comprensivo del costo del libretto (euro 42,50) e del contributo amministrativo (euro 73,50). Dal 1 luglio 2024 il pagamento deve essere effettuato esclusivamente in pesos argentini via bonifico bancario, secondo il tasso di cambio applicato dal Ministero degli Affari Esteri e della Cooperazione Internazionale. Il costo attuale in Pesos \u00e8 disponibile cliccando <a href=\"https:\/\/conslomasdezamora.esteri.it\/wp-content\/uploads\/2026\/03\/TABELLA-DIRITTI-CONSOLARI-2\u00b0-TRIMESTRE-2026.pdf\"><strong>in questo link<\/strong><\/a>. Il pagamento della tassa annuale sul passaporto \u00e8 stato abolito.<br \/>\nL\u2019importo del passaporto va corrisposto in valuta argentina tramite bonifico bancario il giorno dell&#8217;appuntamento, allo sportello. L&#8217;utilizzo del contante potr\u00e0 essere accettato solo in casi residuali.<br \/>\nFatta eccezione per i minori, i passaporti sono validi per 10 anni e\u00a0<strong>NON SONO RINNOVABILI<\/strong>. La validit\u00e0 del passaporto per i minori \u00e8 determinata in base all\u2019et\u00e0: tre anni per i bambini da 0 a 3 anni; cinque anni per quelli da 3 a 18 anni.<\/p>\n<p><strong>I MINORI IN VIAGGIO SENZA I GENITORI<\/strong><br \/>\nFino al compimento dei 14 anni, i minori italiani possono espatriare solo se accompagnati da almeno un genitore o di chi ne esercita la tutela. In caso contrario, i genitori devono rendere in questa sede una &#8220;<strong>Dichiarazione di accompagnamento<\/strong>&#8221; con i dati della persona, entit\u00e0 o azienda di trasporto a cui i minori vengono affidati durante il viaggio. Per far ci\u00f2, i genitori dovranno esibire il biglietto aereo intestato al minore e ai suoi eventuali accompagnatori, corredato della fotocopia dei passaporti di tutti i viaggiatori.<br \/>\nLa dichiarazione di accompagnamento pu\u00f2 essere rilasciata per un singolo viaggio dal Paese di residenza del bambino verso una o pi\u00f9 destinazioni particolari, e non pu\u00f2 superare, di norma, il termine massimo di sei mesi. I genitori ovvero i tutori possono indicare fino a due accompagnatori.<br \/>\nPer rendere la dichiarazione di accompagnamento, gli esercenti la responsabilit\u00e0 genitoriale o di tutela possono chiedere che i nomi degli accompagnatori, la durata del viaggio e la destinazione siano stampati sul passaporto del bambino o, in alternativa, su un attestato rilasciato dall&#8217;ufficio competente.<br \/>\nNel caso in cui il minore sia affidato ad un ente o ditta di trasporti, sar\u00e0 rilasciato solo l\u2019attestato. Prima di acquistare il biglietto, si suggerisce contattare l\u2019azienda di trasporto per conoscere le condizioni richieste dalla compagnia per assumere la tutela del minore durante il viaggio.<\/p>\n<p><strong>FURTO O SMARRIMENTO DEL PASSAPORTO<\/strong><br \/>\nLe denunce per furto o smarrimento del passaporto devono essere presentate senza indugio e senza appuntamento, in modo tale da consentire la revoca immediata del passaporto perso o rubato (per il rilascio del nuovo libretto \u00e8 comunque necessario prenotare il turno online, salve comprovate esigenze di urgenza). Documenti da presentare e Consolati competenti a riceverli:<\/p>\n<ul>\n<li>denuncia di furto o smarrimento del passaporto: deve essere presentata presso le autorit\u00e0 del Paese in cui si \u00e8 verificato l\u2019evento. La denuncia di furto deve essere accompagnata dalla traduzione in lingua italiana. La denuncia deve essere poi presentata al Consolato italiano competente per il luogo in cui \u00e8 avvenuto il fatto. Nel caso in cui il furto sia avvenuto in Argentina, ciascun Consolato italiano presente nel Paese pu\u00f2 ricevere la relativa denuncia, con la relativa traduzione all\u2019italiano, anche se il fatto \u00e8 avvenuto al di fuori della propria circoscrizione, a patto che l\u2019interessato sia ivi residente. In caso di oggettiva impossibilit\u00e0 a sporgere denuncia presso le autorit\u00e0 locali, l&#8217;Agenzia Consolare pu\u00f2 rilasciare il nuovo documento previa acquisizione della denuncia dell&#8217;interessato.<\/li>\n<li>documento di riconoscimento in corso di validit\u00e0;<\/li>\n<li>i cittadini NON residenti nella circoscrizione consolare nel caso di dover rientrare nel proprio paese di residenza possono ottenere un ETD (documento di viaggio provvisorio e di emergenza). Questo tipo di documento pu\u00f2 essere rilasciato in data vicina al viaggio. Se, invece, il viaggio prevede scali prima del rientro, l&#8217;Agenzia Consolare dovr\u00e0 chiedere all\u2019autorit\u00e0 italiana competente per residenza (Polizia di Stato o Ufficio Consolare) il &#8220;nulla osta&#8221; e delega per poter procedere al rilascio di nuovo passaporto. In ogni caso, \u00e8 necessario presentare biglietto di viaggio contenente il dettaglio di tutte le tappe.<\/li>\n<\/ul>\n<p><strong>INFORMAZIONI GENERALI<\/strong><br \/>\nIl passaporto \u00e8 un documento di viaggio e di identit\u00e0 rilasciato dalle Questure in Italia e dai consolati all&#8217;estero. L&#8217;Ufficio Passaporti dell&#8217;Agenzia Consolare si occupa del rilascio del documento di viaggio ai cittadini residenti nella propria circoscrizione consolare e ai non residenti (in quest&#8217;ultimo caso, solo dopo aver ricevuto il &#8220;nulla osta&#8221; dall&#8217;autorit\u00e0 italiana competente per residenza dell\u2019interessato &#8211; Questura o altro consolato). Requisito fondamentale per ottenere il passaporto \u00e8 l\u2019aggiornamento anagrafico del cittadino: stato civile, figli minori, indirizzo di residenza. Ogni variazione va tempestivamente comunicata alle autorit\u00e0 consolari.<br \/>\nL\u2019attuale passaporto elettronico \u00e8 dotato di caratteristiche particolari che consentono la lotta contro la contraffazione. Un microchip sulla copertina consente la registrazione dei dati biometrici, certificati elettronicamente, riguardanti il titolare del documento e l\u2019autorit\u00e0 che lo ha rilasciato. Da giugno 2010, tutti i passaporti di nuova emissione devono avere all&#8217;interno del microchip l&#8217;immagine del volto e le impronte digitali del titolare. E&#8217; stata abrogata la possibilit\u00e0 di proroga del passaporto senza sostituzione del libretto e di rilascio del passaporto Collettivo. Sono state abrogate anche le norme che prevedevano il rilascio gratuito\u00a0 in favore di emigranti.<br \/>\nGli Uffici Consolari sono autorizzati ad emettere dichiarazioni di viaggio per i minori nei casi in cui tale dichiarazione sia richiesta dai Paesi di destinazione.<br \/>\nOgni minorenne deve essere in possesso di un passaporto individuale (non \u00e8 possibile iscrivere figli minori sul passaporto dei genitori). Queste nuove misure, stabilite a livello comunitario, mirano a garantire una migliore identificazione nonch\u00e9 offrire maggiore sicurezza ai minorenni.<br \/>\nMaggiori informazioni sul passaporto:<br \/>\n<a href=\"http:\/\/www.esteri.it\/mae\/it\/italiani_nel_mondo\/serviziconsolari\/documenti_di_viaggio\/passaporto.html\">http:\/\/www.esteri.it\/mae\/it\/italiani_nel_mondo\/serviziconsolari\/documenti_di_viaggio\/passaporto.html<\/a><\/p>\n","protected":false},"excerpt":{"rendered":"COME RICHIEDERE IL PASSAPORTO E I SUOI REQUISITI Gli appuntamenti si aprono dal luned\u00ec al venerd\u00ec alle 14:00 (ora italiana) e si ottengono esclusivamente attraverso il link &#8220;Prenot@Mi&#8221; dal nostro sito web\u00a0https:\/\/conslomasdezamora.esteri.it,\u00a0solo per coloro che risiedono nella nostra circoscrizione, comprendente i distretti di Almirante Brown, Esteban Echeverr\u00eda, Ezeiza, Lan\u00fas, Lomas de Zamora, San Vicente, Presidente [&hellip;]","protected":false},"author":1,"featured_media":0,"parent":59,"menu_order":0,"comment_status":"closed","ping_status":"closed","template":"","meta":{"footnotes":""},"class_list":["post-67","page","type-page","status-publish","hentry"],"_links":{"self":[{"href":"https:\/\/conslomasdezamora.esteri.it\/it\/wp-json\/wp\/v2\/pages\/67","targetHints":{"allow":["GET"]}}],"collection":[{"href":"https:\/\/conslomasdezamora.esteri.it\/it\/wp-json\/wp\/v2\/pages"}],"about":[{"href":"https:\/\/conslomasdezamora.esteri.it\/it\/wp-json\/wp\/v2\/types\/page"}],"author":[{"embeddable":true,"href":"https:\/\/conslomasdezamora.esteri.it\/it\/wp-json\/wp\/v2\/users\/1"}],"replies":[{"embeddable":true,"href":"https:\/\/conslomasdezamora.esteri.it\/it\/wp-json\/wp\/v2\/comments?post=67"}],"version-history":[{"count":7,"href":"https:\/\/conslomasdezamora.esteri.it\/it\/wp-json\/wp\/v2\/pages\/67\/revisions"}],"predecessor-version":[{"id":5613,"href":"https:\/\/conslomasdezamora.esteri.it\/it\/wp-json\/wp\/v2\/pages\/67\/revisions\/5613"}],"up":[{"embeddable":true,"href":"https:\/\/conslomasdezamora.esteri.it\/it\/wp-json\/wp\/v2\/pages\/59"}],"wp:attachment":[{"href":"https:\/\/conslomasdezamora.esteri.it\/it\/wp-json\/wp\/v2\/media?parent=67"}],"curies":[{"name":"wp","href":"https:\/\/api.w.org\/{rel}","templated":true}]}}