{"id":59,"date":"2023-04-03T19:25:07","date_gmt":"2023-04-03T17:25:07","guid":{"rendered":"https:\/\/consolatozurigo.esteri.it\/?page_id=59"},"modified":"2024-10-28T12:53:11","modified_gmt":"2024-10-28T15:53:11","slug":"servizi-per-il-cittadino-italiano","status":"publish","type":"page","link":"https:\/\/conslomasdezamora.esteri.it\/it\/servizi-consolari-e-visti\/servizi-per-il-cittadino-italiano\/","title":{"rendered":"Servizi per il cittadino italiano"},"content":{"rendered":"<p>I servizi consolari sono erogati secondo principi di eguaglianza, imparzialit\u00e0, efficienza e trasparenza.<\/p>\n<p>I Consolati assicurano a tutti i connazionali tutela in caso di violazione dei loro diritti fondamentali e di limitazione o privazione della loro libert\u00e0 personale. Inoltre assicurano assistenza per i casi di emergenza, per la ricerca di familiari, per le pratiche di successione aperte all&#8217;estero e per il rimpatrio delle salme.<\/p>\n<p>Nella colonna a sinistra sono elencati i principali servizi forniti dagli Uffici consolari, a ciascuno dei quali \u00e8 dedicata un\u2019apposita sezione descrittiva.<\/p>\n<p>&nbsp;<\/p>\n<p><strong>ANAGRAFE\/AIRE<\/strong><\/p>\n<p>Se si risiede nella circoscrizione consolare di Lomas de Zamora \u00e8 un dovere del cittadino registrarsi nell\u2019anagrafe consolare e mantenere il proprio fascicolo aggiornato (comunicando, ad esempio, cambi di domicilio, di stato civile, trasferimenti o rimpatri ecc.).<\/p>\n<p>Questa Agenzia Consolare lavora e invia le richieste dei cittadini al Comune in Italia di competenza per l\u2019iscrizione o l\u2019aggiornamento della posizione A.I.R.E. (Anagrafe della popolazione Italiana Residente all\u2019Estero) o per comunicare un rientro in Italia.<\/p>\n<p><strong>Tutti gli utenti residenti nei Comuni (Partidos) di Lomas de Zamora, Lan\u00fas, Almirante Brown, Esteban Echeverr\u00eda, Ezeiza, Presidente Per\u00f3n e San Vicente dovranno fare la registrazione attraverso il<a href=\"https:\/\/serviziconsolarionline.esteri.it\/\">\u00a0portale Fast It<\/a>.<\/strong><\/p>\n<p>\u00c8 importante che, al momento di effettuare la registrazione nel portale, i dati anagrafici vengano indicati in forma corretta e precisa senza includere \u201ctildes\u201d e caratteri speciali (es. \u00d1).<\/p>\n<p>Dopo la registrazione nel portale e dopo aver attivato il proprio account, \u00e8 necessario attendere una mail di conferma. Solo successivamente si potr\u00e0 accedere al portale e, nella sezione \u201cRegistro Consolare e AIRE\u201d, procedere selezionando tra i seguenti servizi disponibili:<\/p>\n<ul>\n<li>richiedere l\u2019iscrizione all\u2019Anagrafe degli Italiani all\u2019Estero (A.I.R.E.);<\/li>\n<li>visualizzare la propria scheda anagrafica;<\/li>\n<li>comunicare la variazione della propria residenza.<\/li>\n<\/ul>\n<p>&nbsp;<\/p>\n<p>\u00c8 inoltre possibile presentare, in via residuale, la propria dichiarazione di trasferimento\/rimpatrio in Italia tramite email a <a href=\"mailto:anagrafe.lomas@esteri.it\">anagrafe.lomas@esteri.it<\/a>, indicando nell&#8217;oggetto: TRASFERIMENTO\/RIMPATRIO IN ITALIA e allegando la seguente documentazione:<\/p>\n<ul>\n<li>dichiarazione di trasferimento\/rimpatrio (<a href=\"https:\/\/consbuenosaires.esteri.it\/wp-content\/uploads\/2023\/05\/Modulo-trasferimento-rimpatrio-in-Italia.pdf\" target=\"_blank\" rel=\"noopener\"><strong>scarica modulo<\/strong><\/a>), compilata in tutti i campi e firmata;<\/li>\n<li>copia di un documento d\u2019identit\u00e0 in corso di validit\u00e0.<strong><br \/>\n<\/strong><\/li>\n<\/ul>\n<p>&nbsp;<\/p>\n<p>Per eventuali inconvenienti tecnici<br \/>\n<strong>Email:\u00a0<a href=\"mailto:anagrafe.lomas@esteri.it\">anagrafe.lomas@esteri.it<\/a><\/strong><\/p>\n<p><a href=\"https:\/\/www.youtube.com\/playlist?list=PLjJM0zO_UjsxXlAnyrDQW9jJvxHnXhIy1\"><strong>Vedi i video tutorial<\/strong><\/a><\/p>\n","protected":false},"excerpt":{"rendered":"I servizi consolari sono erogati secondo principi di eguaglianza, imparzialit\u00e0, efficienza e trasparenza. I Consolati assicurano a tutti i connazionali tutela in caso di violazione dei loro diritti fondamentali e di limitazione o privazione della loro libert\u00e0 personale. Inoltre assicurano assistenza per i casi di emergenza, per la ricerca di familiari, per le pratiche di [&hellip;]","protected":false},"author":1,"featured_media":0,"parent":16,"menu_order":0,"comment_status":"closed","ping_status":"closed","template":"","meta":{"footnotes":""},"class_list":["post-59","page","type-page","status-publish","hentry"],"_links":{"self":[{"href":"https:\/\/conslomasdezamora.esteri.it\/it\/wp-json\/wp\/v2\/pages\/59","targetHints":{"allow":["GET"]}}],"collection":[{"href":"https:\/\/conslomasdezamora.esteri.it\/it\/wp-json\/wp\/v2\/pages"}],"about":[{"href":"https:\/\/conslomasdezamora.esteri.it\/it\/wp-json\/wp\/v2\/types\/page"}],"author":[{"embeddable":true,"href":"https:\/\/conslomasdezamora.esteri.it\/it\/wp-json\/wp\/v2\/users\/1"}],"replies":[{"embeddable":true,"href":"https:\/\/conslomasdezamora.esteri.it\/it\/wp-json\/wp\/v2\/comments?post=59"}],"version-history":[{"count":6,"href":"https:\/\/conslomasdezamora.esteri.it\/it\/wp-json\/wp\/v2\/pages\/59\/revisions"}],"predecessor-version":[{"id":2621,"href":"https:\/\/conslomasdezamora.esteri.it\/it\/wp-json\/wp\/v2\/pages\/59\/revisions\/2621"}],"up":[{"embeddable":true,"href":"https:\/\/conslomasdezamora.esteri.it\/it\/wp-json\/wp\/v2\/pages\/16"}],"wp:attachment":[{"href":"https:\/\/conslomasdezamora.esteri.it\/it\/wp-json\/wp\/v2\/media?parent=59"}],"curies":[{"name":"wp","href":"https:\/\/api.w.org\/{rel}","templated":true}]}}