{"id":4140,"date":"2025-07-24T14:45:09","date_gmt":"2025-07-24T17:45:09","guid":{"rendered":"https:\/\/conslomasdezamora.esteri.it\/?page_id=4140"},"modified":"2025-07-24T14:47:17","modified_gmt":"2025-07-24T17:47:17","slug":"visualizzazione-della-propria-scheda-anagrafica","status":"publish","type":"page","link":"https:\/\/conslomasdezamora.esteri.it\/it\/servizi-consolari-e-visti\/servizi-per-il-cittadino-italiano\/anagrafe-degli-italiani-residenti-allestero-aire\/visualizzazione-della-propria-scheda-anagrafica\/","title":{"rendered":"Visualizzazione della propria scheda anagrafica"},"content":{"rendered":"<p>Il servizio <span style=\"text-decoration: underline;\">consente di visualizzare i propri dati presenti nello schedario consolare<\/span> a coloro i quali sia gi\u00e0 stato <span style=\"text-decoration: underline;\">confermato il possesso della cittadinanza italiana<\/span>.<\/p>\n<p>In caso di <span style=\"text-decoration: underline;\">utenze con dati errati o non completi, non sar\u00e0 possibile visualizzare la scheda<\/span> e verr\u00e0 indicato dal portale di effettuare una nuova richiesta d\u2019iscrizione all\u2019A.I.R.E. In questi casi <span style=\"text-decoration: underline;\">occorre cancellare l\u2019account e crearne uno nuovo con i dati corretti<\/span>.<\/p>\n<p>Per effettuare la <strong>richiesta di visualizzazione della propria scheda anagrafica<\/strong> tramite il portale <a href=\"https:\/\/serviziconsolari.esteri.it\/ScoFE\/index.sco\">Fast It<\/a> occorre scansionare e allegare in un unico file in formato PDF:<\/p>\n<p>1. fronte e retro del documento d\u2019identit\u00e0 (D.N.I. argentino in corso di validit\u00e0);<br \/>\n2. o passaporto italiano in corso di validit\u00e0 (le pagine ove risultino i dati anagrafici e la foto).<\/p>\n<p>Le informazioni sullo stato della pratica saranno notificate tramite email una volta lavorata dall&#8217;Agenzia Consolare. Sar\u00e0 altres\u00ec possibile controllare gli aggiornamenti nella sezione \u201cultime comunicazioni con il Consolato\u201d tramite il portale <a href=\"https:\/\/serviziconsolari.esteri.it\/ScoFE\/index.sco\">Fast It<\/a>.<\/p>\n<p>La pratica potr\u00e0 essere considerata chiusa quando la richiesta risulti come: \u201cDefinita\u201d.<\/p>\n","protected":false},"excerpt":{"rendered":"Il servizio consente di visualizzare i propri dati presenti nello schedario consolare a coloro i quali sia gi\u00e0 stato confermato il possesso della cittadinanza italiana. In caso di utenze con dati errati o non completi, non sar\u00e0 possibile visualizzare la scheda e verr\u00e0 indicato dal portale di effettuare una nuova richiesta d\u2019iscrizione all\u2019A.I.R.E. In questi [&hellip;]","protected":false},"author":5,"featured_media":0,"parent":85,"menu_order":0,"comment_status":"closed","ping_status":"closed","template":"","meta":{"footnotes":""},"class_list":["post-4140","page","type-page","status-publish","hentry"],"_links":{"self":[{"href":"https:\/\/conslomasdezamora.esteri.it\/it\/wp-json\/wp\/v2\/pages\/4140","targetHints":{"allow":["GET"]}}],"collection":[{"href":"https:\/\/conslomasdezamora.esteri.it\/it\/wp-json\/wp\/v2\/pages"}],"about":[{"href":"https:\/\/conslomasdezamora.esteri.it\/it\/wp-json\/wp\/v2\/types\/page"}],"author":[{"embeddable":true,"href":"https:\/\/conslomasdezamora.esteri.it\/it\/wp-json\/wp\/v2\/users\/5"}],"replies":[{"embeddable":true,"href":"https:\/\/conslomasdezamora.esteri.it\/it\/wp-json\/wp\/v2\/comments?post=4140"}],"version-history":[{"count":2,"href":"https:\/\/conslomasdezamora.esteri.it\/it\/wp-json\/wp\/v2\/pages\/4140\/revisions"}],"predecessor-version":[{"id":4149,"href":"https:\/\/conslomasdezamora.esteri.it\/it\/wp-json\/wp\/v2\/pages\/4140\/revisions\/4149"}],"up":[{"embeddable":true,"href":"https:\/\/conslomasdezamora.esteri.it\/it\/wp-json\/wp\/v2\/pages\/85"}],"wp:attachment":[{"href":"https:\/\/conslomasdezamora.esteri.it\/it\/wp-json\/wp\/v2\/media?parent=4140"}],"curies":[{"name":"wp","href":"https:\/\/api.w.org\/{rel}","templated":true}]}}