{"id":3425,"date":"2025-05-21T10:54:54","date_gmt":"2025-05-21T13:54:54","guid":{"rendered":"https:\/\/conslomasdezamora.esteri.it\/?page_id=3425"},"modified":"2025-05-21T10:54:54","modified_gmt":"2025-05-21T13:54:54","slug":"informativa-trattamento-dati-personali","status":"publish","type":"page","link":"https:\/\/conslomasdezamora.esteri.it\/it\/news\/dal_consolato\/informativa-trattamento-dati-personali\/","title":{"rendered":"Informativa trattamento dati personali"},"content":{"rendered":"<p>In applicazione dell\u2019articolo 13 del Regolamento (UE) 2016\/679 (nel prosieguo \u201cGDPR\u201d), si informa che il Titolare del trattamento dei dati personali \u00e8 il MAECI il quale opera, per quanto di competenza, tramite l\u2019Agenzia Consolare d\u2019Italia a Lomas de Zamora (con.lomasdezamora@cert.esteri.it). I dati personali oggetto di trattamento sono quelli necessari a consentire la partecipazione all\u2019evento. Il trattamento dei dati \u00e8 svolto da personale appositamente incaricato e formato, dipendente dall\u2019Agenzia Consolare. Nessun dato \u00e8 mostrato o ceduto a terzi. In qualunque momento si potr\u00e0 chiedere l\u2019accesso ai propri dati e, qualora non si desiderasse pi\u00f9 ricevere inviti o comunicazioni da parte di questa Agenzia Consolare, si potr\u00e0 chiedere la cancellazione del proprio nominativo. Per eventuali quesiti o reclami si potr\u00e0 contattare il Responsabile della Protezione dei Dati personali (RPD) del MAECI (indirizzo postale: Ministero degli Affari Esteri e della Cooperazione internazionale, Piazzale della Farnesina 1, 00135 ROMA, telefono: 0039 06 36911 (centralino), mail: <a href=\"mailto:rpd@esteri.it\">rpd@esteri.it<\/a>; pec: <a href=\"mailto:rpd@cert.esteri.it\">rpd@cert.esteri.it<\/a>). Nel caso di eventi di natura pubblica, gli eventuali dati personali che potrebbero essere raccolti attraverso immagini fotografiche o riprese audio-video effettuate per la prevalente finalit\u00e0 connessa e strumentale alla documentazione degli stessi, potranno essere diffuse attraverso i mezzi di comunicazione oggi maggiormente impiegati, quali il sito internet del MAECI e dell\u2019Agenzia Consolare, nonch\u00e9 i social network collegati, quelli dei partner ed emittenti radiotelevisive.<\/p>\n","protected":false},"excerpt":{"rendered":"In applicazione dell\u2019articolo 13 del Regolamento (UE) 2016\/679 (nel prosieguo \u201cGDPR\u201d), si informa che il Titolare del trattamento dei dati personali \u00e8 il MAECI il quale opera, per quanto di competenza, tramite l\u2019Agenzia Consolare d\u2019Italia a Lomas de Zamora (con.lomasdezamora@cert.esteri.it). I dati personali oggetto di trattamento sono quelli necessari a consentire la partecipazione all\u2019evento. Il [&hellip;]","protected":false},"author":5,"featured_media":0,"parent":55,"menu_order":0,"comment_status":"closed","ping_status":"closed","template":"","meta":{"footnotes":""},"class_list":["post-3425","page","type-page","status-publish","hentry"],"_links":{"self":[{"href":"https:\/\/conslomasdezamora.esteri.it\/it\/wp-json\/wp\/v2\/pages\/3425","targetHints":{"allow":["GET"]}}],"collection":[{"href":"https:\/\/conslomasdezamora.esteri.it\/it\/wp-json\/wp\/v2\/pages"}],"about":[{"href":"https:\/\/conslomasdezamora.esteri.it\/it\/wp-json\/wp\/v2\/types\/page"}],"author":[{"embeddable":true,"href":"https:\/\/conslomasdezamora.esteri.it\/it\/wp-json\/wp\/v2\/users\/5"}],"replies":[{"embeddable":true,"href":"https:\/\/conslomasdezamora.esteri.it\/it\/wp-json\/wp\/v2\/comments?post=3425"}],"version-history":[{"count":1,"href":"https:\/\/conslomasdezamora.esteri.it\/it\/wp-json\/wp\/v2\/pages\/3425\/revisions"}],"predecessor-version":[{"id":3427,"href":"https:\/\/conslomasdezamora.esteri.it\/it\/wp-json\/wp\/v2\/pages\/3425\/revisions\/3427"}],"up":[{"embeddable":true,"href":"https:\/\/conslomasdezamora.esteri.it\/it\/wp-json\/wp\/v2\/pages\/55"}],"wp:attachment":[{"href":"https:\/\/conslomasdezamora.esteri.it\/it\/wp-json\/wp\/v2\/media?parent=3425"}],"curies":[{"name":"wp","href":"https:\/\/api.w.org\/{rel}","templated":true}]}}