{"id":5099,"date":"2026-01-15T13:19:13","date_gmt":"2026-01-15T16:19:13","guid":{"rendered":"https:\/\/conslomasdezamora.esteri.it\/?page_id=5099"},"modified":"2026-03-04T08:53:27","modified_gmt":"2026-03-04T11:53:27","slug":"referendum-constitucional-confirmatorio-22-y-23-de-marzo-de-2026","status":"publish","type":"page","link":"https:\/\/conslomasdezamora.esteri.it\/es\/servizi-consolari-e-visti\/servizi-per-il-cittadino-italiano\/servizi-elettorali\/referendum-constitucional-confirmatorio-22-y-23-de-marzo-de-2026\/","title":{"rendered":"Refer\u00e9ndum Constitucional Confirmatorio \u2013 22 y 23 de marzo de 2026"},"content":{"rendered":"<p><strong>Todas las informaciones, comunicados, formularios y calendario ser\u00e1n publicados en esta secci\u00f3n.<\/strong><\/p>\n<p>Se solicita enviar las solicitudes referidas a las elecciones \u00fanicamente a la casilla de mail: <strong><a href=\"elettorale.lomas@esteri.it\">elettorale.lomas@esteri.it<\/a><\/strong><\/p>\n<ul>\n<li><strong>27\/02\/2026 \u2013<\/strong> <a href=\"https:\/\/conslomasdezamora.esteri.it\/wp-content\/uploads\/2026\/03\/Comunicato-stampa-duplicati.pdf\">Comunicado de emisi\u00f3n de duplicados (d\u00edas y horarios de apertura de la Oficina Electoral)<\/a><\/li>\n<li><strong>13\/02\/2026 \u2013 <\/strong><a href=\"https:\/\/conslomasdezamora.esteri.it\/wp-content\/uploads\/2026\/02\/foglio-illustrativo.pdf\">Publicaci\u00f3n de la \u00abHoja de ilustraci\u00f3n \u2013 Como se vota \u2013 Instrucciones de como devolver las boletas votadas\u00bb<\/a><\/li>\n<li><strong>13\/02\/2026 \u2013 <\/strong><a href=\"https:\/\/conslomasdezamora.esteri.it\/wp-content\/uploads\/2026\/02\/foglio-informativo.pdf\">Publicaci\u00f3n de la \u00abHoja de informaci\u00f3n \u2013 Instrucciones para los Electores\u00bb<\/a><\/li>\n<li><strong><strong>26\/01\/2026 \u2013 <\/strong><\/strong><a href=\"https:\/\/conslomasdezamora.esteri.it\/es\/news\/dal_consolato\/2026\/01\/referendum-confirmatorio-22-23-de-marzo-de-2026-opcion-de-los-electores-transitoriamente-en-el-exterior\/\">Comunicado Opci\u00f3n de los electores transitoriamente en el exterior<\/a><\/li>\n<li><strong>19\/01\/2026<\/strong> &#8211; <a href=\"https:\/\/conslomasdezamora.esteri.it\/wp-content\/uploads\/2026\/01\/Referendum.jpg\">Toda la informaci\u00f3n sobre el Refer\u00e9ndum<\/a><\/li>\n<li><strong>14\/01\/2026 \u2013 <\/strong><a href=\"https:\/\/conslomasdezamora.esteri.it\/es\/news\/dal_consolato\/2026\/01\/referendum-constitucional-confirmatorio-22-y-23-de-marzo-de-2026\/\">Comunicado de establecimiento de fechas para el referendum y opci\u00f3n de voto en Italia para los inscriptos en el A.I.R.E.<\/a>\n<ul>\n<li style=\"list-style-type: none;\">\n<ul>\n<li style=\"list-style-type: none;\">\n<ul>\n<li><a class=\"\" href=\"https:\/\/conslomasdezamora.esteri.it\/wp-content\/uploads\/2026\/01\/Comunicato-voto-e-opzione-2026.doc\" data-focus-mouse=\"false\">Cliquear aqu\u00ed<\/a> para visualizar el comunicado de voto por correspondencia de los ciudadanos italianos en el exterior y la opci\u00f3n del voto en Italia.<\/li>\n<li><a href=\"https:\/\/conslomasdezamora.esteri.it\/wp-content\/uploads\/2026\/01\/Modulo-di-opzione-Referendum-2026.doc\">Cliquear aqu\u00ed<\/a> para descargar el m\u00f3dulo de opci\u00f3n del voto en Italia.<\/li>\n<\/ul>\n<\/li>\n<\/ul>\n<\/li>\n<\/ul>\n<\/li>\n<\/ul>\n","protected":false},"excerpt":{"rendered":"Todas las informaciones, comunicados, formularios y calendario ser\u00e1n publicados en esta secci\u00f3n. Se solicita enviar las solicitudes referidas a las elecciones \u00fanicamente a la casilla de mail: elettorale.lomas@esteri.it 27\/02\/2026 \u2013 Comunicado de emisi\u00f3n de duplicados (d\u00edas y horarios de apertura de la Oficina Electoral) 13\/02\/2026 \u2013 Publicaci\u00f3n de la \u00abHoja de ilustraci\u00f3n \u2013 Como se [&hellip;]","protected":false},"author":3,"featured_media":0,"parent":164,"menu_order":0,"comment_status":"closed","ping_status":"closed","template":"","meta":{"footnotes":""},"class_list":["post-5099","page","type-page","status-publish","hentry"],"_links":{"self":[{"href":"https:\/\/conslomasdezamora.esteri.it\/es\/wp-json\/wp\/v2\/pages\/5099","targetHints":{"allow":["GET"]}}],"collection":[{"href":"https:\/\/conslomasdezamora.esteri.it\/es\/wp-json\/wp\/v2\/pages"}],"about":[{"href":"https:\/\/conslomasdezamora.esteri.it\/es\/wp-json\/wp\/v2\/types\/page"}],"author":[{"embeddable":true,"href":"https:\/\/conslomasdezamora.esteri.it\/es\/wp-json\/wp\/v2\/users\/3"}],"replies":[{"embeddable":true,"href":"https:\/\/conslomasdezamora.esteri.it\/es\/wp-json\/wp\/v2\/comments?post=5099"}],"version-history":[{"count":6,"href":"https:\/\/conslomasdezamora.esteri.it\/es\/wp-json\/wp\/v2\/pages\/5099\/revisions"}],"predecessor-version":[{"id":5522,"href":"https:\/\/conslomasdezamora.esteri.it\/es\/wp-json\/wp\/v2\/pages\/5099\/revisions\/5522"}],"up":[{"embeddable":true,"href":"https:\/\/conslomasdezamora.esteri.it\/es\/wp-json\/wp\/v2\/pages\/164"}],"wp:attachment":[{"href":"https:\/\/conslomasdezamora.esteri.it\/es\/wp-json\/wp\/v2\/media?parent=5099"}],"curies":[{"name":"wp","href":"https:\/\/api.w.org\/{rel}","templated":true}]}}