{"id":3912,"date":"2025-07-15T12:45:57","date_gmt":"2025-07-15T15:45:57","guid":{"rendered":"https:\/\/conslomasdezamora.esteri.it\/?page_id=3912"},"modified":"2026-02-02T12:33:58","modified_gmt":"2026-02-02T15:33:58","slug":"nascita-matrimonio-unione-civile-decesso","status":"publish","type":"page","link":"https:\/\/conslomasdezamora.esteri.it\/es\/servizi-consolari-e-visti\/servizi-per-il-cittadino-italiano\/stato-civile\/nascita-matrimonio-unione-civile-decesso\/","title":{"rendered":"Nacimiento \u2013 Matrimonio\/Uni\u00f3n civil \u2013 Defunci\u00f3n"},"content":{"rendered":"<header class=\"entry-header\"><\/header>\n<div class=\"entry-content\">\n<p>Para el reconocimiento de un acta de estado civil, es necesario presentar la documentaci\u00f3n a trav\u00e9s del portal\u00a0<a href=\"https:\/\/serviziconsolari.esteri.it\/home\"><strong>Fast It<\/strong><\/a> (servicio \u201cStato Civile\u201d).<\/p>\n<p><strong>La documentaci\u00f3n que se detalla a continuaci\u00f3n deber\u00e1 estar SIEMPRE acompa\u00f1ada de:<\/strong><\/p>\n<ol>\n<li><a href=\"https:\/\/conslomasdezamora.esteri.it\/wp-content\/uploads\/2025\/07\/Autocertificazione.pdf\">autocertificaci\u00f3n<\/a>\u00a0debidamente completada y firmada (en caso de no conocer la Comuna de referencia en Italia, el campo correspondiente puede dejarse vac\u00edo);<\/li>\n<li>copia del DNI frente\/retro de todo el n\u00facleo familiar (<strong>en caso de que resulte la misma direcci\u00f3n<\/strong>);<\/li>\n<li>documentaci\u00f3n que acredite la residencia en la Circunscripci\u00f3n consular de Lomas de Zamora (luz, gas, tel\u00e9fono fijo, internet, cable, o contrato de alquiler registrado en ARCA).<\/li>\n<\/ol>\n<p><strong>Actas de Nacimiento de hijos menores (Art. 3-bis L. 91\/1992 \u201c<em>iure sanguinis<\/em>\u201d)<br \/>\n<\/strong><br \/>\nEl menor es ciudadano italiano\u00a0<strong><em>iure sanguinis<\/em><\/strong>\u00a0solo si se cumple\u00a0<strong>al menos una de las siguientes condiciones:<\/strong><\/p>\n<p>a) El progenitor ciudadano italiano ha residido en Italia durante al menos 2 a\u00f1os continuos despu\u00e9s de adquirir la ciudadan\u00eda italiana y antes de la fecha de nacimiento del hijo\/a.<br \/>\nb) Uno de los progenitores posee exclusivamente la ciudadan\u00eda italiana.<br \/>\nc) Un abuelo\/abuela posee al momento del nacimiento del menor \u2013 o pose\u00eda al momento de su fallecimiento \u2013 exclusivamente la ciudadan\u00eda italiana.<br \/>\nd) El menor mismo no posee otra ciudadan\u00eda.<\/p>\n<p>Si no se cumple ninguna de las condiciones anteriores, es posible solicitar la ciudadan\u00eda por beneficio de ley, cuyas instrucciones se encuentran en el siguiente\u00a0<strong><a href=\"https:\/\/conslomasdezamora.esteri.it\/es\/servizi-consolari-e-visti\/servizi-per-il-cittadino-straniero\/cittadinanza\/acquisto-della-cittadinanza-per-beneficio-di-legge-figli-minori-nati-allestero\/\">enlace<\/a><\/strong>.<\/p>\n<p><strong>Documentaci\u00f3n<\/strong><\/p>\n<ul>\n<li><strong>Actas de nacimiento de los menores <\/strong><\/li>\n<\/ul>\n<ol>\n<li>emitidas con sistema GEDO con traducci\u00f3n integral (tanto del acta como de la firma digital emitida por la oficina local del Registro Civil);<\/li>\n<li>emitidas con firma manuscrita con Apostilla digital emitida por el Ministerio argentino de Relaciones Exteriores o por el Colegio de Escribanos con traducci\u00f3n integral (tanto del acta como de la Apostilla Digital);<\/li>\n<li>si el menor naci\u00f3 fuera del territorio de la Rep\u00fablica Argentina, leer atentamente en <a href=\"https:\/\/conslomasdezamora.esteri.it\/es\/servizi-consolari-e-visti\/servizi-per-il-cittadino-italiano\/stato-civile\/otras-actas-de-estado-civil\/\">este link<\/a> la modalidad de presentaci\u00f3n del acta de nacimiento, en el subt\u00edtulo \u00abEventos ocurridos fuera del territorio de la Rep\u00fablica Argentina\u00bb.<\/li>\n<\/ol>\n<p><em>*<\/em><em><u>Si el hijo fue reconocido por los padres en tiempos diferentes<\/u><\/em><em>, adem\u00e1s del acta de nacimiento, se debe\u00a0<u>presentar el acta de reconocimiento traducida integralmente al italiano<\/u>. Si el hijo no ha cumplido los 14 a\u00f1os, es necesaria la presencia de ambos padres; si ha cumplido 14 a\u00f1os, es necesaria la presencia del menor y del progenitor italiano.<\/em><\/p>\n<p><em>*<\/em><em><u>Si los padres est\u00e1n casados, es indispensable que antes de comunicar el nacimiento del hijo el matrimonio sea registrado en Italia.<\/u><\/em><\/p>\n<p><strong>En el caso de progenitor ciudadano italiano que residi\u00f3 en Italia al menos 2 a\u00f1os seguidos despu\u00e9s de la adquisici\u00f3n de la ciudadan\u00eda italiana y antes de la fecha de nacimiento del hijo\/a, es necesario presentar el \u00abcertificato storico di residenza\u00bb, emitido por la comuna italiana, que certifique la residencia en Italia por al menos dos a\u00f1os seguidos posteriores a la adquisici\u00f3n de su ciudadan\u00eda italiana y antes de la fecha de nacimiento o de adopci\u00f3n del hijo menor que desea inscribir.<\/strong><\/p>\n<p>&nbsp;<\/p>\n<p><strong>En los casos de adopci\u00f3n:<\/strong><\/p>\n<p>\u2022 Acta de nacimiento que indique el nombre de los padres adoptivos (obligatorio) y de los padres biol\u00f3gicos (opcional);<br \/>\n\u2022 Copia certificada de la sentencia completa (debe contener: \u201cAUTOS\u201d; \u201cVISTOS\u201d; \u201cCONSIDERANDO\u201d; \u201cFALLO\u201d.\u00a0<u>No basta con presentar solo el \u201cTESTIMONIO\u201d);<\/u><br \/>\n\u2022 La sentencia debe especificar el estado de abandono del menor o la autorizaci\u00f3n del progenitor o de los progenitores biol\u00f3gicos para la adopci\u00f3n;<br \/>\n\u2022 En la sentencia (o en una declaraci\u00f3n adicional del Tribunal) debe especificarse que se trata de una sentencia firme (es decir, en espa\u00f1ol \u201cFIRME\u201d, o \u201cCONSENTIDA\u201d, o \u201cEJECUTORIADA\u201d o que tiene car\u00e1cter de \u201cCOSA JUZGADA\u201d), y debe indicarse la fecha de la firmeza, es decir, la fecha desde la cual la sentencia es definitiva;<br \/>\n\u2022 Toda la documentaci\u00f3n debe estar autenticada por el Tribunal competente, legalizada por la \u201cC\u00e1mara Nacional de Apelaciones del Departamento Judicial\u201d correspondiente y por el \u201cMinisterio de Relaciones Exteriores de la Naci\u00f3n\u201d o el \u201cColegio de Escribanos\u201d con la Apostilla de La Haya en formato digital y traducida integralmente al italiano;<br \/>\n\u2022 Documentaci\u00f3n que acredite la residencia en Argentina de al menos dos a\u00f1os previa a la adopci\u00f3n del menor por parte de los padres adoptivos (es necesario el \u201ccertificado de movimientos migratorios\u201d que se puede solicitar en la Direcci\u00f3n local de \u201cMigraciones\u201d).<\/p>\n<p><strong><br \/>\nActas de Matrimonio\/Uni\u00f3n civil<\/strong><\/p>\n<ul>\n<li>emitidas con sistema GEDO con traducci\u00f3n completa (tanto del acta como de la firma digital emitida por la oficina local del Registro Civil);<\/li>\n<li>emitidas con firma aut\u00f3grafa y con Apostilla digital emitida por el Ministerio de Relaciones Exteriores o por el Colegio de Escribanos, con traducci\u00f3n completa (tanto del acta como de la Apostilla Digital).<\/li>\n<\/ul>\n<p>*Todos los matrimonios celebrados deben ser transmitidos a Italia; no es posible transmitir un acta de matrimonio sin haber presentado el acta del eventual matrimonio anterior con su respectiva sentencia de divorcio.<\/p>\n<p>*El \u00abmatrimonio igualitario\u00bb se transmite en Italia como una \u00abUNI\u00d3N CIVIL\u00bb, ya que corresponde al mismo acto jur\u00eddico. No se aceptar\u00e1n uniones civiles entre personas de diferente sexo (seg\u00fan la legislaci\u00f3n argentina) o convivencias de hecho.<\/p>\n<p>&nbsp;<\/p>\n<p><strong>Actas de defunci\u00f3n<\/strong><\/p>\n<ul>\n<li>emitidas con sistema GEDO con traducci\u00f3n completa (tanto del acta como de la firma digital emitida por la oficina local del Registro Civil);<\/li>\n<li>emitidas con firma aut\u00f3grafa y con Apostilla digital emitida por el Ministerio argentino de Relaciones Exteriores o por el Colegio de Escribanos, con traducci\u00f3n completa (tanto del acta como de la Apostilla Digital).<\/li>\n<\/ul>\n<p>*El acta de defunci\u00f3n puede ser presentada por cualquier pariente en la Oficina consular competente o a trav\u00e9s del portal\u00a0<a href=\"https:\/\/serviziconsolari.esteri.it\/home\">Fast It<\/a>. En caso de no ser ciudadanos italianos, es posible iniciar el tr\u00e1mite escribiendo al siguiente correo electr\u00f3nico:\u00a0<a href=\"mailto:statocivile.lomas@esteri.it\">statocivile.lomas@esteri.it<\/a><\/p>\n<p><strong>*No se aceptan certificados biling\u00fces emitidos por el Registro Civil.<\/strong><\/p>\n<\/div>\n","protected":false},"excerpt":{"rendered":"Para el reconocimiento de un acta de estado civil, es necesario presentar la documentaci\u00f3n a trav\u00e9s del portal\u00a0Fast It (servicio \u201cStato Civile\u201d). La documentaci\u00f3n que se detalla a continuaci\u00f3n deber\u00e1 estar SIEMPRE acompa\u00f1ada de: autocertificaci\u00f3n\u00a0debidamente completada y firmada (en caso de no conocer la Comuna de referencia en Italia, el campo correspondiente puede dejarse vac\u00edo); [&hellip;]","protected":false},"author":5,"featured_media":0,"parent":161,"menu_order":0,"comment_status":"closed","ping_status":"closed","template":"","meta":{"footnotes":""},"class_list":["post-3912","page","type-page","status-publish","hentry"],"_links":{"self":[{"href":"https:\/\/conslomasdezamora.esteri.it\/es\/wp-json\/wp\/v2\/pages\/3912","targetHints":{"allow":["GET"]}}],"collection":[{"href":"https:\/\/conslomasdezamora.esteri.it\/es\/wp-json\/wp\/v2\/pages"}],"about":[{"href":"https:\/\/conslomasdezamora.esteri.it\/es\/wp-json\/wp\/v2\/types\/page"}],"author":[{"embeddable":true,"href":"https:\/\/conslomasdezamora.esteri.it\/es\/wp-json\/wp\/v2\/users\/5"}],"replies":[{"embeddable":true,"href":"https:\/\/conslomasdezamora.esteri.it\/es\/wp-json\/wp\/v2\/comments?post=3912"}],"version-history":[{"count":7,"href":"https:\/\/conslomasdezamora.esteri.it\/es\/wp-json\/wp\/v2\/pages\/3912\/revisions"}],"predecessor-version":[{"id":5222,"href":"https:\/\/conslomasdezamora.esteri.it\/es\/wp-json\/wp\/v2\/pages\/3912\/revisions\/5222"}],"up":[{"embeddable":true,"href":"https:\/\/conslomasdezamora.esteri.it\/es\/wp-json\/wp\/v2\/pages\/161"}],"wp:attachment":[{"href":"https:\/\/conslomasdezamora.esteri.it\/es\/wp-json\/wp\/v2\/media?parent=3912"}],"curies":[{"name":"wp","href":"https:\/\/api.w.org\/{rel}","templated":true}]}}