{"id":3727,"date":"2025-07-02T15:28:47","date_gmt":"2025-07-02T18:28:47","guid":{"rendered":"https:\/\/conslomasdezamora.esteri.it\/servizi-consolari-e-visti\/servizi-per-il-cittadino-straniero\/cittadinanza\/riconoscimento-in-base-a-leggi-speciali\/"},"modified":"2025-07-03T11:54:18","modified_gmt":"2025-07-03T14:54:18","slug":"riconoscimento-in-base-a-leggi-speciali","status":"publish","type":"page","link":"https:\/\/conslomasdezamora.esteri.it\/es\/servizi-consolari-e-visti\/servizi-per-il-cittadino-straniero\/cittadinanza\/riconoscimento-in-base-a-leggi-speciali\/","title":{"rendered":"Reconocimiento en base a leyes especiales"},"content":{"rendered":"<p>La Ley n. 379 del 14 de diciembre de 2000, prev\u00e9 el reconocimiento de la ciudadan\u00eda italiana a favor de las personas nacidas y residentes en los territorios del antiguo Imperio Austroh\u00fangaro y de sus descendientes que cumplan con los requisitos necesarios.<\/p>\n<p>El plazo para valerse de la Ley 379\/2000 venci\u00f3 el 19 de diciembre de 2010.<\/p>\n<p>La Ley n. 124 del 8 de marzo de 2006, prev\u00e9 el reconocimiento de la ciudadan\u00eda italiana a favor de los connacionales que la perdieron por haber residido entre 1940 y 1947 en Istria, Fiume y Dalmacia.<\/p>\n<p>El reconocimiento de la ciudadan\u00eda italiana en base a leyes especiales constituye una adquisici\u00f3n por beneficio de ley: por lo tanto, no es posible que el progenitor ciudadano haga la declaraci\u00f3n de voluntad de adquisici\u00f3n de la ciudadan\u00eda a favor del hijo menor, como prev\u00e9 el art\u00edculo 4, apartado 1-bis, de la Ley n. 91\/1992, ya que el progenitor reconocido no es ciudadano italiano por nacimiento.<\/p>\n","protected":false},"excerpt":{"rendered":"La Ley n. 379 del 14 de diciembre de 2000, prev\u00e9 el reconocimiento de la ciudadan\u00eda italiana a favor de las personas nacidas y residentes en los territorios del antiguo Imperio Austroh\u00fangaro y de sus descendientes que cumplan con los requisitos necesarios. El plazo para valerse de la Ley 379\/2000 venci\u00f3 el 19 de diciembre [&hellip;]","protected":false},"author":5,"featured_media":0,"parent":189,"menu_order":7,"comment_status":"closed","ping_status":"closed","template":"","meta":{"footnotes":""},"class_list":["post-3727","page","type-page","status-publish","hentry"],"_links":{"self":[{"href":"https:\/\/conslomasdezamora.esteri.it\/es\/wp-json\/wp\/v2\/pages\/3727","targetHints":{"allow":["GET"]}}],"collection":[{"href":"https:\/\/conslomasdezamora.esteri.it\/es\/wp-json\/wp\/v2\/pages"}],"about":[{"href":"https:\/\/conslomasdezamora.esteri.it\/es\/wp-json\/wp\/v2\/types\/page"}],"author":[{"embeddable":true,"href":"https:\/\/conslomasdezamora.esteri.it\/es\/wp-json\/wp\/v2\/users\/5"}],"replies":[{"embeddable":true,"href":"https:\/\/conslomasdezamora.esteri.it\/es\/wp-json\/wp\/v2\/comments?post=3727"}],"version-history":[{"count":2,"href":"https:\/\/conslomasdezamora.esteri.it\/es\/wp-json\/wp\/v2\/pages\/3727\/revisions"}],"predecessor-version":[{"id":3827,"href":"https:\/\/conslomasdezamora.esteri.it\/es\/wp-json\/wp\/v2\/pages\/3727\/revisions\/3827"}],"up":[{"embeddable":true,"href":"https:\/\/conslomasdezamora.esteri.it\/es\/wp-json\/wp\/v2\/pages\/189"}],"wp:attachment":[{"href":"https:\/\/conslomasdezamora.esteri.it\/es\/wp-json\/wp\/v2\/media?parent=3727"}],"curies":[{"name":"wp","href":"https:\/\/api.w.org\/{rel}","templated":true}]}}