{"id":3707,"date":"2025-07-02T15:19:42","date_gmt":"2025-07-02T18:19:42","guid":{"rendered":"https:\/\/conslomasdezamora.esteri.it\/servizi-consolari-e-visti\/servizi-per-il-cittadino-straniero\/cittadinanza\/acquisto-della-cittadinanza-per-beneficio-di-legge-figli-minori-nati-allestero\/"},"modified":"2026-03-03T10:39:53","modified_gmt":"2026-03-03T13:39:53","slug":"acquisto-della-cittadinanza-per-beneficio-di-legge-figli-minori-nati-allestero","status":"publish","type":"page","link":"https:\/\/conslomasdezamora.esteri.it\/es\/servizi-consolari-e-visti\/servizi-per-il-cittadino-straniero\/cittadinanza\/acquisto-della-cittadinanza-per-beneficio-di-legge-figli-minori-nati-allestero\/","title":{"rendered":"Adquisici\u00f3n de la ciudadan\u00eda por \u201cbeneficio de ley\u201d (hijos menores nacidos en el exterior)"},"content":{"rendered":"<p><strong>Normativa y requisitos<\/strong><\/p>\n<p>En dos casos, previstos por el inciso 1-bis del art\u00edculo 4 de la Ley n. 91\/1992 y por el art\u00edculo 1, inciso 1-ter de la Ley n. 74\/2025,\u00a0<strong>los hijos menores nacidos en el exterior<\/strong>\u00a0de un progenitor ciudadano que no transmite autom\u00e1ticamente la ciudadan\u00eda, pueden adquirir la ciudadan\u00eda italiana por \u201cbeneficio de ley\u201d.<\/p>\n<p>El\u00a0<strong>menor<\/strong>\u00a0que eventualmente se beneficie de esta disposici\u00f3n,\u00a0<strong>no<\/strong>\u00a0ser\u00e1\u00a0<strong>ciudadano desde el nacimiento<\/strong>\u00a0o\u00a0<em>iure sanguinis<\/em>.<\/p>\n<p>De acuerdo con el art\u00edculo 15 de la Ley n.\u00ba 91\/1992, no adquiere la ciudadan\u00eda desde el nacimiento, sino a partir del d\u00eda siguiente a la presentaci\u00f3n de la declaraci\u00f3n prevista por la ley.<\/p>\n<p><strong>El primer caso<\/strong>\u00a0<strong>(<u>inciso 1-bis del art\u00edculo 4 de la Ley n.\u00ba 91\/1992<\/u>)<\/strong>\u00a0prev\u00e9 los siguientes requisitos, que deben cumplirse\u00a0<strong>conjuntamente<\/strong>:<\/p>\n<ul>\n<li><strong>uno de los padres debe ser ciudadano italiano\u00a0<u>desde el nacimiento<\/u><\/strong>. Por lo tanto, se excluyen los casos de ciudadanos por naturalizaci\u00f3n seg\u00fan el art\u00edculo 9 de la Ley n. 91\/1992, o por \u201cbeneficio de ley\u201d seg\u00fan el art\u00edculo 4 de la Ley n. 91\/1992, o por matrimonio conforme al art\u00edculo 5 de la Ley n. 91\/1992 o por el art\u00edculo 10 de la Ley n. 555\/1912 o por\u00a0<em>iuris communicatio.<\/em><\/li>\n<li><strong><u>ambos<\/u><\/strong>\u00a0padres (incluido el progenitor extranjero, si lo hubiera) o el tutor legal,\u00a0<strong>deben presentar una declaraci\u00f3n de voluntad de adquisici\u00f3n de la ciudadan\u00eda dentro del plazo de tres a\u00f1os desde el nacimiento<\/strong>\u00a0(o desde la fecha en que se establece la filiaci\u00f3n con el ciudadano italiano, o desde la fecha en la que se define la adopci\u00f3n por parte de un ciudadano italiano durante la minor\u00eda de edad del hijo). En caso de reconocimiento posterior de la filiaci\u00f3n por parte de ambos progenitores ciudadanos italianos desde el nacimiento, el plazo de<strong><u>\u00a0tres a\u00f1os<\/u><\/strong>\u00a0correr\u00e1 desde el primer reconocimiento (ya que este primer reconocimiento transmite la ciudadan\u00eda).<br \/>\nSi en cambio se produce primero el reconocimiento por parte de un progenitor extranjero (o ciudadano italiano no desde el nacimiento, sino por otra v\u00eda), el t\u00e9rmino de\u00a0<strong><u>tres a\u00f1os<\/u><\/strong>\u00a0comenzar\u00e1 a contarse a partir del reconocimiento por parte del segundo progenitor ciudadano desde el nacimiento.<\/li>\n<li><strong>La declaraci\u00f3n de voluntad debe ser formal y realizada personalmente ante el Funcionario de la Agencia Consular delegado para ejercer las funciones de Estado Civil.<\/strong>\u00a0Si los padres no presentan la declaraci\u00f3n en el mismo momento, el requisito previsto por la Ley se considerar\u00e1 cumplido en la fecha de presentaci\u00f3n de la declaraci\u00f3n por parte del segundo progenitor.<br \/>\nSi la filiaci\u00f3n (tambi\u00e9n adoptiva) se establece con una sola persona (o si el otro progenitor ha fallecido), ser\u00e1 suficiente la declaraci\u00f3n de un solo progenitor.<\/li>\n<\/ul>\n<p>En caso de que el menor tenga residencia legal en Italia, la declaraci\u00f3n podr\u00e1 ser presentada tambi\u00e9n despu\u00e9s de los\u00a0<strong><u>tres a\u00f1os<\/u><\/strong>\u00a0del nacimiento, siempre que la residencia se mantenga de manera continua durante al menos dos a\u00f1os despu\u00e9s de la presentaci\u00f3n de la declaraci\u00f3n de voluntad de adquisici\u00f3n de la ciudadan\u00eda presentada por los padres.<\/p>\n<p><strong><u>En este caso no hay que realizar ning\u00fan pago.<\/u><\/strong><\/p>\n<p><strong>El segundo caso<\/strong>\u00a0<strong>(<u>inciso 1-ter del art\u00edculo 1 de la Ley n. 74\/2025<\/u>)<\/strong>\u00a0se aplica cuando se cumplen\u00a0<strong>todas<\/strong>\u00a0las siguientes condiciones:<\/p>\n<ul>\n<li>personas\u00a0<strong><u>menores de edad a la fecha de entrada en vigor de la Ley n. 74\/2025,<\/u><\/strong>\u00a0es decir, que no hayan cumplido los 18 a\u00f1os al\u00a0<strong>24 de mayo de 2025<\/strong>;<br \/>\n\u2022\u00a0<strong>hijos de ciudadanos\u00a0<u>desde el nacimiento<\/u>\u00a0que se encuentren en las condiciones previstas por los incisos a), a-bis) y b) del art\u00edculo 3-bis de la Ley n. 91\/1992.<\/strong>\u00a0En otras palabras, los progenitores deben haber sido reconocidos como ciudadanos en base a una solicitud administrativa o judicial presentada antes de las 23:59 horas (hora italiana) del 27 de marzo de 2025, o seg\u00fan una solicitud presentada en base a un turno comunicado por el Consulado o el Municipio hasta esa fecha;<br \/>\n\u2022\u00a0<strong><u>la declaraci\u00f3n de los padres o del tutor legal deber\u00e1 ser presentada ante la Oficina Consular antes del 31 de mayo de 2029. En caso de que el interesado, menor a la fecha del 24 de mayo de 2025, haya alcanzado la mayor\u00eda de edad en ese lapso, deber\u00e1 presentar la declaraci\u00f3n personalmente dentro del mismo plazo.<\/u><\/strong><\/li>\n<\/ul>\n<p><strong><u>Tampoco en este caso no hay que realizar ning\u00fan pago.<\/u><\/strong><\/p>\n<p>Cualquier solicitud de reembolso del pago de 250 euros realizado mediante transferencia bancaria al Ministerio del Interior, debe presentarse a la Agencia Consolar de Italia en Lomas de Zamora (<a href=\"mailto:statocivile.lomas@esteri.it\">statocivile.lomas@esteri.it<\/a>) mediante el siguiente\u00a0<a class=\"\" href=\"https:\/\/libertaciviliimmigrazione.dlci.interno.gov.it\/sites\/default\/files\/2025-10\/Modello%20richiesta%20rimborso%20contributo%20cittadinanza_0.pdf\" data-focus-mouse=\"false\">formulario<\/a>. La Agencia Consular remitir\u00e1 la solicitud al Ministerio del Interior correspondiente. Para m\u00e1s informaci\u00f3n sobre c\u00f3mo solicitar el reembolso, consulte el sitio web del Ministerio del Interior <a href=\"https:\/\/libertaciviliimmigrazione.dlci.interno.gov.it\/notizie\/richiedere-il-rimborso-il-contributo-di-cittadinanza\">https:\/\/libertaciviliimmigrazione.dlci.interno.gov.it\/notizie\/richiedere-il-rimborso-il-contributo-di-cittadinanza<\/a><\/p>\n<p>Las declaraciones antes mencionadas deber\u00e1n ser presentadas personalmente en la Agencia Consular ante el Funcionario delegado para ejercer las funciones de Estado Civil. Para dicho fin la Agencia Consular ha dispuesto en el portal \u201cFast-It\u201d dos nuevos servicios:<\/p>\n<p>1. Atto di nascita \u2013 Art. 4, c. 1-bis L. 91\/1992<br \/>\n2. Atto di nascita \u2013 Art. 1, c. 1-ter D.L. 36\/2025<\/p>\n<p>El primer servicio (\u201cAtto di nascita \u2013 Art. 4, c. 1-bis L. 91\/1992\u201d) refiere a las solicitudes relacionadas con el \u201cprimer caso\u201d anteriormente detallado.<\/p>\n<p>El segundo servicio (\u201cAtto di nascita \u2013 Art. 1, c. 1-ter D.L. 36\/2025\u201d) refiere a las solicitudes relacionadas con el \u201csegundo caso\u201d. El plazo perentorio para la presentaci\u00f3n de la solicitud, en este caso, es el 31 de mayo de 2029.<\/p>\n<p>En caso de que el interesado a\u00fan no est\u00e9 registrado en el portal\u00a0<a href=\"https:\/\/serviziconsolari.esteri.it\/\"><strong>Fast-It<\/strong><\/a>, deber\u00e1 realizar previamente el registro siguiendo el enlace indicado. Una vez completada la inscripci\u00f3n en el portal, deber\u00e1 acceder y solicitar la visualizaci\u00f3n de la ficha de datos personales o proceder con la inscripci\u00f3n en el AIRE.<\/p>\n<p>Una vez verificada la exactitud formal y sustancial de la documentaci\u00f3n presentatada v\u00eda FAST IT, se enviar\u00e1 al interesado un <strong>\u00abCodice Pratica\u00bb<\/strong>\u00a0con el cual deber\u00e1 solicitar una cita a trav\u00e9s del portal\u00a0<strong><a href=\"https:\/\/prenotami.esteri.it\/\">Prenot@Mi<\/a><\/strong>\u00a0para el servicio\u00a0<strong>\u201cAcquisto della cittadinanza per beneficio di legge (figli minorenni nati all\u2019estero) \u2013 Art. 4, c. 1-bis L. 91\/1992 e Art. 1 c. 1-ter D.L. 36\/2025\u201d.<\/strong><\/p>\n<p>Ambos progenitores del menor (o el solicitante menor a la fecha 24.05.2025 y mayor a la fecha del turno) deber\u00e1n concurrir a la Agencia con la documentaci\u00f3n necesaria \u2013 m\u00e1s abajo detallada.<\/p>\n<p>El funcionario delegado para las funciones de Estado Civil verificar\u00e1 la exactitud formal y sustancial de la documentaci\u00f3n y, en caso positivo, proceder\u00e1 a firmar la solicitud de los padres.<\/p>\n<p><strong>Documentaci\u00f3n<\/strong><\/p>\n<p><strong>Documentaci\u00f3n necesaria para presentar la solicitud de adquisici\u00f3n de la ciudadan\u00eda por beneficio de ley, que deber\u00e1 ser cargada en el portal \u201cFast It\u201d:<\/strong><\/p>\n<ol>\n<li><a href=\"https:\/\/conslomasdezamora.esteri.it\/wp-content\/uploads\/2025\/07\/Autocertificazione.pdf\"><strong>Autocertificaci\u00f3n<\/strong><\/a><strong> debidamente completada y firmada (<\/strong>en caso de no conocer la Comuna de referencia en Italia, el campo correspondiente puede dejarse vac\u00edo<strong>);<\/strong><\/li>\n<li><strong>copia del DNI frente\/retro de todo el n\u00facleo familiar (en caso de que resulte la misma direcci\u00f3n);<\/strong><\/li>\n<li><strong>documentaci\u00f3n que acredite la residencia en la Circunscripci\u00f3n consular de Lomas de Zamora (luz, gas, tel\u00e9fono fijo, internet, cable, o contrato de alquiler registrado en ARCA (Ex AFIP);<\/strong><\/li>\n<li><strong>documentaci\u00f3n relativa al solicitante:<\/strong><\/li>\n<\/ol>\n<ul>\n<li><strong>actas del Estado Civil (nacimiento)\u00a0<\/strong>o \u201cpartidas\u201d (no certificados):<\/li>\n<li>emitidas con sistema GEDO con traducci\u00f3n integral (tanto del acta como de la firma digital emitida por la oficina local del Registro Civil) o en original con firma manuscrita, con Apostilla digital emitida por el Ministerio de Relaciones Exteriores o por el Colegio de Escribanos con traducci\u00f3n integral (tanto del acta como de la Apostilla digital);<\/li>\n<li>con Apostilla si fueron emitidas en un pa\u00eds distinto a la Argentina;<\/li>\n<li>traducidas al italiano (la traducci\u00f3n debe realizarse en el pa\u00eds donde se emiti\u00f3 el acta y ser debidamente legalizada si no fue redactada en Argentina);<\/li>\n<\/ul>\n<p>o\u00a0<strong>eventuales sentencias judiciales<\/strong>\u00a0(por ejemplo, de adopci\u00f3n*, reconocimiento judicial) deber\u00e1n presentarse:<\/p>\n<ul>\n<li>en original y en versi\u00f3n \u00edntegra (deben incluir AUTOS; VISTOS; CONSIDERANDO; FALLO);<\/li>\n<li>con \u201cconstancia de cosa juzgada\u201d (es decir, que la sentencia est\u00e9 \u201cFIRME\u201d, \u201cCONSENTIDA\u201d, \u201cEJECUTORIADA\u201d o tenga el car\u00e1cter de \u201cCOSA JUZGADA\u201d, con la indicaci\u00f3n de la fecha desde la cual la sentencia es definitiva);<\/li>\n<li>con Apostilla;<\/li>\n<li>traducidas al italiano (la traducci\u00f3n debe realizarse en el pa\u00eds donde fue emitida y ser debidamente legalizada si no fue redactada en Argentina);<\/li>\n<li>acompa\u00f1adas de la \u201cSolicitud de transcripci\u00f3n\u201d debidamente firmada por el solicitante.<\/li>\n<\/ul>\n<p><strong>*\u00a0SENTENCIA DE ADOPCI\u00d3N:<\/strong><\/p>\n<ul>\n<li>debe especificar el estado de abandono del menor o la autorizaci\u00f3n de uno o ambos progenitores biol\u00f3gicos con fines de adopci\u00f3n;<\/li>\n<li>documentaci\u00f3n que acredite la residencia de al menos dos a\u00f1os en Argentina previa a la adopci\u00f3n del menor por parte de los padres adoptivos (es necesario el \u201ccertificado de movimientos migratorios\u201d que se puede solicitar en la Direcci\u00f3n local de \u201cMigraciones\u201d).<\/li>\n<\/ul>\n","protected":false},"excerpt":{"rendered":"Normativa y requisitos En dos casos, previstos por el inciso 1-bis del art\u00edculo 4 de la Ley n. 91\/1992 y por el art\u00edculo 1, inciso 1-ter de la Ley n. 74\/2025,\u00a0los hijos menores nacidos en el exterior\u00a0de un progenitor ciudadano que no transmite autom\u00e1ticamente la ciudadan\u00eda, pueden adquirir la ciudadan\u00eda italiana por \u201cbeneficio de ley\u201d. [&hellip;]","protected":false},"author":5,"featured_media":0,"parent":189,"menu_order":3,"comment_status":"closed","ping_status":"closed","template":"","meta":{"footnotes":""},"class_list":["post-3707","page","type-page","status-publish","hentry"],"_links":{"self":[{"href":"https:\/\/conslomasdezamora.esteri.it\/es\/wp-json\/wp\/v2\/pages\/3707","targetHints":{"allow":["GET"]}}],"collection":[{"href":"https:\/\/conslomasdezamora.esteri.it\/es\/wp-json\/wp\/v2\/pages"}],"about":[{"href":"https:\/\/conslomasdezamora.esteri.it\/es\/wp-json\/wp\/v2\/types\/page"}],"author":[{"embeddable":true,"href":"https:\/\/conslomasdezamora.esteri.it\/es\/wp-json\/wp\/v2\/users\/5"}],"replies":[{"embeddable":true,"href":"https:\/\/conslomasdezamora.esteri.it\/es\/wp-json\/wp\/v2\/comments?post=3707"}],"version-history":[{"count":9,"href":"https:\/\/conslomasdezamora.esteri.it\/es\/wp-json\/wp\/v2\/pages\/3707\/revisions"}],"predecessor-version":[{"id":5471,"href":"https:\/\/conslomasdezamora.esteri.it\/es\/wp-json\/wp\/v2\/pages\/3707\/revisions\/5471"}],"up":[{"embeddable":true,"href":"https:\/\/conslomasdezamora.esteri.it\/es\/wp-json\/wp\/v2\/pages\/189"}],"wp:attachment":[{"href":"https:\/\/conslomasdezamora.esteri.it\/es\/wp-json\/wp\/v2\/media?parent=3707"}],"curies":[{"name":"wp","href":"https:\/\/api.w.org\/{rel}","templated":true}]}}