{"id":186,"date":"2023-04-03T19:25:23","date_gmt":"2023-04-03T22:25:23","guid":{"rendered":"https:\/\/conslomasdezamora.esteri.it\/servizi-consolari-e-visti\/servizi-per-il-cittadino-straniero\/"},"modified":"2024-01-22T14:04:02","modified_gmt":"2024-01-22T17:04:02","slug":"servizi-per-il-cittadino-straniero","status":"publish","type":"page","link":"https:\/\/conslomasdezamora.esteri.it\/es\/servizi-consolari-e-visti\/servizi-per-il-cittadino-straniero\/","title":{"rendered":"Servicios para el ciudadano extranjero"},"content":{"rendered":"<p>Esta Agencia Consular ofrece servicios tambi\u00e9n a favor de ciudadanos extranjeros, entre los quales se encuentran el reconocimiento de la ciudadan\u00eda italiana y la emisi\u00f3n de documentaci\u00f3n administrativa (conformidad de traducciones y legalizaci\u00f3n de documentos).<\/p>\n<p><span class=\"text\"><strong>En el men\u00fa lateral es posible visualizar los procedimientos para cada servicio.\u00a0<\/strong><\/span><\/p>\n","protected":false},"excerpt":{"rendered":"Esta Agencia Consular ofrece servicios tambi\u00e9n a favor de ciudadanos extranjeros, entre los quales se encuentran el reconocimiento de la ciudadan\u00eda italiana y la emisi\u00f3n de documentaci\u00f3n administrativa (conformidad de traducciones y legalizaci\u00f3n de documentos). En el men\u00fa lateral es posible visualizar los procedimientos para cada servicio.\u00a0","protected":false},"author":1,"featured_media":0,"parent":154,"menu_order":2,"comment_status":"closed","ping_status":"closed","template":"","meta":{"footnotes":""},"class_list":["post-186","page","type-page","status-publish","hentry"],"_links":{"self":[{"href":"https:\/\/conslomasdezamora.esteri.it\/es\/wp-json\/wp\/v2\/pages\/186","targetHints":{"allow":["GET"]}}],"collection":[{"href":"https:\/\/conslomasdezamora.esteri.it\/es\/wp-json\/wp\/v2\/pages"}],"about":[{"href":"https:\/\/conslomasdezamora.esteri.it\/es\/wp-json\/wp\/v2\/types\/page"}],"author":[{"embeddable":true,"href":"https:\/\/conslomasdezamora.esteri.it\/es\/wp-json\/wp\/v2\/users\/1"}],"replies":[{"embeddable":true,"href":"https:\/\/conslomasdezamora.esteri.it\/es\/wp-json\/wp\/v2\/comments?post=186"}],"version-history":[{"count":4,"href":"https:\/\/conslomasdezamora.esteri.it\/es\/wp-json\/wp\/v2\/pages\/186\/revisions"}],"predecessor-version":[{"id":1330,"href":"https:\/\/conslomasdezamora.esteri.it\/es\/wp-json\/wp\/v2\/pages\/186\/revisions\/1330"}],"up":[{"embeddable":true,"href":"https:\/\/conslomasdezamora.esteri.it\/es\/wp-json\/wp\/v2\/pages\/154"}],"wp:attachment":[{"href":"https:\/\/conslomasdezamora.esteri.it\/es\/wp-json\/wp\/v2\/media?parent=186"}],"curies":[{"name":"wp","href":"https:\/\/api.w.org\/{rel}","templated":true}]}}