{"id":162,"date":"2023-04-03T19:29:13","date_gmt":"2023-04-03T22:29:13","guid":{"rendered":"https:\/\/conslomasdezamora.esteri.it\/servizi-consolari-e-visti\/servizi-per-il-cittadino-italiano\/assistenza-ai-cittadini-allestero\/"},"modified":"2024-05-13T13:35:37","modified_gmt":"2024-05-13T16:35:37","slug":"assistenza-ai-cittadini-allestero","status":"publish","type":"page","link":"https:\/\/conslomasdezamora.esteri.it\/es\/servizi-consolari-e-visti\/servizi-per-il-cittadino-italiano\/assistenza-ai-cittadini-allestero\/","title":{"rendered":"Asistencia a ciudadanos en el extranjero"},"content":{"rendered":"<p><u>La Oficina de Asistencia recibir\u00e1 al p\u00fablico sin cita previa los d\u00edas lunes, mi\u00e9rcoles y viernes de 9:00 a 12:00h.<\/u><\/p>\n<p>La apertura est\u00e1 dirigida a aquellos que deben realizar el control de las condiciones de admisi\u00f3n para recibir asistencia econ\u00f3mica (llamada \u00absubsidio\u00bb) o, eventuelmente, otro tipo de ayuda (asistencia m\u00e9dica, etc.) de parte de la Agencia Consular.<\/p>\n<p>Los interesados pueden presentarse personalmente, sin turno previo, con los siguientes documentos:<\/p>\n<ul>\n<li>documento de identidad v\u00e1lido (original y copia);<\/li>\n<li>pasaporte italiano (si est\u00e1 vigente);<\/li>\n<li>comprobantes de ingresos de todo el grupo familiar que convive: salarios, pensiones argentinas o extranjeras, alquileres, etc.;<\/li>\n<li>CUIL de todos los adultos que conviven y no tienen comprobante de ingresos propios;<\/li>\n<li>comprobantes de todos los pagos realizados para la vivienda, incluyendo servicios p\u00fablicos (gas, luz, agua, tel\u00e9fono fijo y celular) y tasas provinciales y municipales;<\/li>\n<li>recibo de alquiler (si corresponde);<\/li>\n<li>certificado m\u00e9dico;<\/li>\n<li>certificado de gastos m\u00e9dicos (que indiquen gastos de transporte, medicamentos, asistencia, etc.);<\/li>\n<li>CBU.<\/li>\n<\/ul>\n<p>Pueden presentar una solicitud en la Oficina de Asistencia los ciudadanos italianos que:<\/p>\n<ol>\n<li>residan de forma permanente dentro de la circunscripci\u00f3n consular de Lomas de Zamora y tengan un DNI vigente;<\/li>\n<li>sean ciudadanos temporalmente presentes en esta circunscripci\u00f3n consular (por ejemplo, por motivos de estudio o trabajo por un per\u00edodo no superior a 6 meses, o turistas).<\/li>\n<\/ol>\n<p><u>*En el caso de ciudadanos italianos de paso, la Oficina evaluar\u00e1 caso por caso la necesidad y urgencia real del servicio solicitado.<\/u><\/p>\n<p>&nbsp;<\/p>\n<p><strong>Mail:\u00a0<a href=\"mailto:assistenza.lomas@esteri.it\">assistenza.lomas@esteri.it<\/a><\/strong><\/p>\n","protected":false},"excerpt":{"rendered":"La Oficina de Asistencia recibir\u00e1 al p\u00fablico sin cita previa los d\u00edas lunes, mi\u00e9rcoles y viernes de 9:00 a 12:00h. La apertura est\u00e1 dirigida a aquellos que deben realizar el control de las condiciones de admisi\u00f3n para recibir asistencia econ\u00f3mica (llamada \u00absubsidio\u00bb) o, eventuelmente, otro tipo de ayuda (asistencia m\u00e9dica, etc.) de parte de la [&hellip;]","protected":false},"author":1,"featured_media":0,"parent":155,"menu_order":8,"comment_status":"closed","ping_status":"closed","template":"","meta":{"footnotes":""},"class_list":["post-162","page","type-page","status-publish","hentry"],"_links":{"self":[{"href":"https:\/\/conslomasdezamora.esteri.it\/es\/wp-json\/wp\/v2\/pages\/162","targetHints":{"allow":["GET"]}}],"collection":[{"href":"https:\/\/conslomasdezamora.esteri.it\/es\/wp-json\/wp\/v2\/pages"}],"about":[{"href":"https:\/\/conslomasdezamora.esteri.it\/es\/wp-json\/wp\/v2\/types\/page"}],"author":[{"embeddable":true,"href":"https:\/\/conslomasdezamora.esteri.it\/es\/wp-json\/wp\/v2\/users\/1"}],"replies":[{"embeddable":true,"href":"https:\/\/conslomasdezamora.esteri.it\/es\/wp-json\/wp\/v2\/comments?post=162"}],"version-history":[{"count":5,"href":"https:\/\/conslomasdezamora.esteri.it\/es\/wp-json\/wp\/v2\/pages\/162\/revisions"}],"predecessor-version":[{"id":2017,"href":"https:\/\/conslomasdezamora.esteri.it\/es\/wp-json\/wp\/v2\/pages\/162\/revisions\/2017"}],"up":[{"embeddable":true,"href":"https:\/\/conslomasdezamora.esteri.it\/es\/wp-json\/wp\/v2\/pages\/155"}],"wp:attachment":[{"href":"https:\/\/conslomasdezamora.esteri.it\/es\/wp-json\/wp\/v2\/media?parent=162"}],"curies":[{"name":"wp","href":"https:\/\/api.w.org\/{rel}","templated":true}]}}