{"id":161,"date":"2023-04-03T19:29:02","date_gmt":"2023-04-03T22:29:02","guid":{"rendered":"https:\/\/conslomasdezamora.esteri.it\/servizi-consolari-e-visti\/servizi-per-il-cittadino-italiano\/stato-civile\/"},"modified":"2026-02-02T12:32:40","modified_gmt":"2026-02-02T15:32:40","slug":"stato-civile","status":"publish","type":"page","link":"https:\/\/conslomasdezamora.esteri.it\/es\/servizi-consolari-e-visti\/servizi-per-il-cittadino-italiano\/stato-civile\/","title":{"rendered":"Estado Civil"},"content":{"rendered":"<p>Como ciudadano italiano residente en el extranjero, es un deber comunicar oportunamente al Estado italiano los cambios relacionados con el propio estado civil y del n\u00facleo familiar (matrimonio\/uni\u00f3n civil, divorcio, nacimiento\/adopci\u00f3n de hijos menores, etc.). La presentaci\u00f3n de las actas de Estado Civil se efect\u00faa a trav\u00e9s del portal <a href=\"https:\/\/serviziconsolarionline.esteri.it\/\"><strong>Fast It<\/strong><\/a>.<\/p>\n<p>Antes de realizar la solicitud, es necesario verificar que la documentaci\u00f3n a entregar cumpla con los requisitos solicitados.<\/p>\n<p>Para acceder al servicio, es necesario ser ciudadano italiano, estar inscrito en el A.I.R.E. en esta Agencia Consular, estar registrado en el portal <strong><a href=\"https:\/\/serviziconsolari.esteri.it\/home\">Fast It<\/a>\u00a0<\/strong>y haber solicitado la \u00ab<a href=\"https:\/\/conslomasdezamora.esteri.it\/es\/servizi-consolari-e-visti\/servizi-per-il-cittadino-italiano\/anagrafe-degli-italiani-residenti-allestero-aire\/visualizzazione-della-propria-scheda-anagrafica\/\"><strong>Visualizaci\u00f3n de la ficha personal<\/strong><\/a>\u00ab.<\/p>\n<p>La informaci\u00f3n sobre el estado del tr\u00e1mite se notificar\u00e1 por correo electr\u00f3nico una vez que el operador lo haya procesado. Tambi\u00e9n se podr\u00e1 verificar las actualizaciones en la secci\u00f3n \u00ab\u00faltimas comunicaciones con el Consulado\u00bb a trav\u00e9s del portal\u00a0<a href=\"https:\/\/serviziconsolari.esteri.it\/home\">Fast It<\/a>.<\/p>\n<p>El plazo m\u00e1ximo de procesamiento ser\u00e1 de 60 d\u00edas a partir de la fecha de presentaci\u00f3n de la documentaci\u00f3n.<\/p>\n<p>El servicio permite adjuntar hasta 10 archivos en formato PDF.<\/p>\n<p>El tr\u00e1mite se considerar\u00e1 cerrado cuando se reciba una comunicaci\u00f3n que contenga: \u00ab<strong>Registrada<\/strong>\u00ab.<\/p>\n<p>&nbsp;<\/p>\n<p><strong>Mail de la Oficina:\u00a0<a href=\"mailto:buenosaires.statociv@esteri.it\" target=\"_new\" rel=\"noopener\">statocivile.lomas@esteri.it<\/a><\/strong><\/p>\n<p><strong><a href=\"https:\/\/www.youtube.com\/watch?v=enzDNHT9Lis&amp;list=PLjJM0zO_UjsxXlAnyrDQW9jJvxHnXhIy1&amp;index=3&amp;t=301s\">Consulte el video tutorial<\/a><\/strong><\/p>\n<p><strong><a href=\"https:\/\/www.esteri.it\/it\/servizi-consolari-e-visti\/italiani-all-estero\/stato-civile\/\">Mayor informaci\u00f3n<\/a><\/strong><\/p>\n","protected":false},"excerpt":{"rendered":"Como ciudadano italiano residente en el extranjero, es un deber comunicar oportunamente al Estado italiano los cambios relacionados con el propio estado civil y del n\u00facleo familiar (matrimonio\/uni\u00f3n civil, divorcio, nacimiento\/adopci\u00f3n de hijos menores, etc.). La presentaci\u00f3n de las actas de Estado Civil se efect\u00faa a trav\u00e9s del portal Fast It. Antes de realizar la [&hellip;]","protected":false},"author":1,"featured_media":0,"parent":155,"menu_order":6,"comment_status":"closed","ping_status":"closed","template":"","meta":{"footnotes":""},"class_list":["post-161","page","type-page","status-publish","hentry"],"_links":{"self":[{"href":"https:\/\/conslomasdezamora.esteri.it\/es\/wp-json\/wp\/v2\/pages\/161","targetHints":{"allow":["GET"]}}],"collection":[{"href":"https:\/\/conslomasdezamora.esteri.it\/es\/wp-json\/wp\/v2\/pages"}],"about":[{"href":"https:\/\/conslomasdezamora.esteri.it\/es\/wp-json\/wp\/v2\/types\/page"}],"author":[{"embeddable":true,"href":"https:\/\/conslomasdezamora.esteri.it\/es\/wp-json\/wp\/v2\/users\/1"}],"replies":[{"embeddable":true,"href":"https:\/\/conslomasdezamora.esteri.it\/es\/wp-json\/wp\/v2\/comments?post=161"}],"version-history":[{"count":8,"href":"https:\/\/conslomasdezamora.esteri.it\/es\/wp-json\/wp\/v2\/pages\/161\/revisions"}],"predecessor-version":[{"id":5219,"href":"https:\/\/conslomasdezamora.esteri.it\/es\/wp-json\/wp\/v2\/pages\/161\/revisions\/5219"}],"up":[{"embeddable":true,"href":"https:\/\/conslomasdezamora.esteri.it\/es\/wp-json\/wp\/v2\/pages\/155"}],"wp:attachment":[{"href":"https:\/\/conslomasdezamora.esteri.it\/es\/wp-json\/wp\/v2\/media?parent=161"}],"curies":[{"name":"wp","href":"https:\/\/api.w.org\/{rel}","templated":true}]}}