{"id":160,"date":"2023-04-03T19:28:49","date_gmt":"2023-04-03T22:28:49","guid":{"rendered":"https:\/\/conslomasdezamora.esteri.it\/servizi-consolari-e-visti\/servizi-per-il-cittadino-italiano\/anagrafe-degli-italiani-residenti-allestero-aire\/"},"modified":"2026-03-12T14:13:58","modified_gmt":"2026-03-12T17:13:58","slug":"anagrafe-degli-italiani-residenti-allestero-aire","status":"publish","type":"page","link":"https:\/\/conslomasdezamora.esteri.it\/es\/servizi-consolari-e-visti\/servizi-per-il-cittadino-italiano\/anagrafe-degli-italiani-residenti-allestero-aire\/","title":{"rendered":"Anagrafe degli Italiani residenti all\u2019estero (AIRE)"},"content":{"rendered":"<p>Para quienes residen en la jurisdicci\u00f3n consular de Lomas de Zamora es una obligaci\u00f3n ciudadana inscribirse en el registro consular y mantener su registro actualizado (comunicando, por ejemplo, cambios de domicilio, de estado civil, etc.).<\/p>\n<p>Esta Agencia Consular env\u00eda las solicitudes de los ciudadanos y las env\u00eda a la Comuna italiana pertinente para la inscripci\u00f3n o la actualizaci\u00f3n de su registro AIRE (Registro de los italianos residentes en el exterior) o para comunicar un regreso a Italia.<\/p>\n<p><strong>Todos los usuarios residentes en los partidos de Lomas de Zamora, Lan\u00fas, Almirante Brown, Esteban Echeverr\u00eda, Presidente Per\u00f3n y San Vicente deber\u00e1n registrarse mediante el portal <a href=\"https:\/\/serviziconsolari.esteri.it\/home\">Fast It<\/a>.<\/strong><\/p>\n<p>Es importante che al momento de registrarse en el portal, los datos personales sean indicados en forma correcta y sin tildes ni caracteres esperciales (por ejemplo \u00f1 \u00f3 \u00c7).<\/p>\n<p>Despu\u00e9s de registrarse en el portal y despu\u00e9s de haber activado el perfil, es necesario esperar un e-mail de confirmaci\u00f3n. S\u00f3lo sucesivamente ser\u00e1 posible acceder al portal y, en la secci\u00f3n \u00abRegistro Consular y AIRE\u00bb, seleccionar entre los siguientes servicios disponibles:<\/p>\n<ul>\n<li>solicitar la inscripci\u00f3n al Registro de los Italianos en el Exterior (A.I.R.E.);<\/li>\n<li>visualizar su propio registro de perfil;<\/li>\n<li>comunicar un cambio de residencia;<\/li>\n<\/ul>\n<p>Adem\u00e1s es posible, de manera excepcional, presentar su declaraci\u00f3n de translado\/retorno en Italia por medio de un e-mail a anagrafe.lomas@esteri.it indicando en el asunto TRASLADO\/RETORNA A ITALIA y adjuntando la siguiente documentaci\u00f3n:<\/p>\n<ul>\n<li>la declaraci\u00f3n de traslado\/retorno (<a href=\"https:\/\/conslomasdezamora.esteri.it\/wp-content\/uploads\/2024\/04\/modulo-trasferimento.pdf\" target=\"_blank\" rel=\"noopener\"><strong>descargar el m\u00f3dulo<\/strong><\/a>), completando todos los campos y con firma final;<\/li>\n<li>adjuntar copia del DNI en curso de validez.<strong><br \/>\n<\/strong><\/li>\n<\/ul>\n<p>&nbsp;<\/p>\n<p><strong><a href=\"https:\/\/conslomasdezamora.esteri.it\/wp-content\/uploads\/2024\/05\/Fast_It_-_Manuale_per_il_Cittadino.pdf\">Cliquear aqu\u00ed para visualizar el manual del usuario de FAST-IT<\/a><\/strong><\/p>\n<p><strong>Por problemas t\u00e9cnicos<br \/>\nE-mail: <a href=\"mailto:anagrafe.lomas@esteri.it\">anagrafe.lomas@esteri.it<\/a><\/strong><\/p>\n<p><a href=\"https:\/\/www.youtube.com\/playlist?list=PLjJM0zO_UjsxXlAnyrDQW9jJvxHnXhIy1\"><strong>Ver los v\u00eddeos tutoriales<\/strong><\/a><\/p>\n","protected":false},"excerpt":{"rendered":"Para quienes residen en la jurisdicci\u00f3n consular de Lomas de Zamora es una obligaci\u00f3n ciudadana inscribirse en el registro consular y mantener su registro actualizado (comunicando, por ejemplo, cambios de domicilio, de estado civil, etc.). Esta Agencia Consular env\u00eda las solicitudes de los ciudadanos y las env\u00eda a la Comuna italiana pertinente para la inscripci\u00f3n [&hellip;]","protected":false},"author":1,"featured_media":0,"parent":155,"menu_order":4,"comment_status":"closed","ping_status":"closed","template":"","meta":{"footnotes":""},"class_list":["post-160","page","type-page","status-publish","hentry"],"_links":{"self":[{"href":"https:\/\/conslomasdezamora.esteri.it\/es\/wp-json\/wp\/v2\/pages\/160","targetHints":{"allow":["GET"]}}],"collection":[{"href":"https:\/\/conslomasdezamora.esteri.it\/es\/wp-json\/wp\/v2\/pages"}],"about":[{"href":"https:\/\/conslomasdezamora.esteri.it\/es\/wp-json\/wp\/v2\/types\/page"}],"author":[{"embeddable":true,"href":"https:\/\/conslomasdezamora.esteri.it\/es\/wp-json\/wp\/v2\/users\/1"}],"replies":[{"embeddable":true,"href":"https:\/\/conslomasdezamora.esteri.it\/es\/wp-json\/wp\/v2\/comments?post=160"}],"version-history":[{"count":7,"href":"https:\/\/conslomasdezamora.esteri.it\/es\/wp-json\/wp\/v2\/pages\/160\/revisions"}],"predecessor-version":[{"id":5561,"href":"https:\/\/conslomasdezamora.esteri.it\/es\/wp-json\/wp\/v2\/pages\/160\/revisions\/5561"}],"up":[{"embeddable":true,"href":"https:\/\/conslomasdezamora.esteri.it\/es\/wp-json\/wp\/v2\/pages\/155"}],"wp:attachment":[{"href":"https:\/\/conslomasdezamora.esteri.it\/es\/wp-json\/wp\/v2\/media?parent=160"}],"curies":[{"name":"wp","href":"https:\/\/api.w.org\/{rel}","templated":true}]}}