{"id":156,"date":"2023-04-03T19:27:59","date_gmt":"2023-04-03T22:27:59","guid":{"rendered":"https:\/\/conslomasdezamora.esteri.it\/servizi-consolari-e-visti\/servizi-per-il-cittadino-italiano\/passaporti-e-carte-didentita\/"},"modified":"2026-03-31T09:44:38","modified_gmt":"2026-03-31T12:44:38","slug":"passaporti-e-carte-didentita","status":"publish","type":"page","link":"https:\/\/conslomasdezamora.esteri.it\/es\/servizi-consolari-e-visti\/servizi-per-il-cittadino-italiano\/passaporti-e-carte-didentita\/","title":{"rendered":"Pasaporte"},"content":{"rendered":"<p><strong>C\u00d3MO SOLICITAR EL PASAPORTE Y SUS REQUISITOS<\/strong><\/p>\n<p>Los turnos se abren de lunes a viernes a las 14:00 (hora italiana) y\u00a0se\u00a0reservan exclusivamente a trav\u00e9s del link \u00ab<a href=\"https:\/\/prenotami.esteri.it\/\">Prenot@Mi<\/a>\u00bb de nuestro sitio web www.conslomasdezamora.esteri.it,\u00a0<strong>s\u00f3lo para quienes residan en nuestra circunscripci\u00f3n, que abarca las localidades de Almirante Brown, Esteban Echeverr\u00eda, Ezeiza, Lan\u00fas, Lomas de Zamora, San Vicente, Presidente Per\u00f3n<\/strong>. Los pasaportes vigentes ser\u00e1n reemplazados a partir de los\u00a0<strong>seis meses anteriores a su fecha de vencimiento<\/strong>, los casos que requieran una atenci\u00f3n especial deber\u00e1n ser debidamente documentados.<\/p>\n<p>En caso de urgencia, debidamente documentada, es posible solicitar el turno escribiendo un e-mail a passaporti.lomas@esteri.it<\/p>\n<p>Una vez obtenido el turno, no es necesario confirmarlo y es <strong>presencial<\/strong>.<\/p>\n<p>Si la persona no se presentar\u00e1 el d\u00eda de la cita, por favor anule su turno desde el mismo PrenotaMi.<\/p>\n<p>Se sugiere efectuar la solicitud con la suficiente antelaci\u00f3n al viaje. NO se realizan excepciones de turnos por turismo ni por pasaje comprado.<\/p>\n<p>Cada mayor de 18 a\u00f1os debe solicitar SU PROPIO turno en forma individual. Si, adem\u00e1s del adulto, se desea tramitar el pasaporte de los hijos menores, los ni\u00f1os deben ser agregados en el campo \u00abnotas\u00bb (indicar siempre la cantidad total de hijos menores en el item \u00abNumero di figli minorenni\u00bb).<\/p>\n<p><strong>AVISO<\/strong>: Los conciudadanos que hayan cumplido 70 a\u00f1os NO necesitan solicitar turno para tramitar su pasaporte y pueden presentarse directamente en esta Sede en los d\u00edas y horarios de atenci\u00f3n al p\u00fablico (de lunes a viernes de 9 a 13 horas).<br \/>\n<strong>El pasaporte se entrega\u00a0en el acto\u00a0\u00daNICAMENTE si la situaci\u00f3n personal y familiar del interesado est\u00e1 actualizada (domicilio, matrimonio, divorcio, viudez, nacimiento de hijos menores, etc.)<\/strong>. Para regularizar su registro es necesario dirigirse a nuestra oficina Anagrafe con turno previo, <a href=\"https:\/\/conslomasdezamora.esteri.it\/es\/servizi-consolari-e-visti\/servizi-per-il-cittadino-italiano\/\"><strong>ver aqu\u00ed<\/strong><\/a> c\u00f3mo reservar un turno.<\/p>\n<p><strong>En caso de errores en los datos personales impresos sobre el nuevo pasaporte, el conciudadano podr\u00e1 reclamar la correcci\u00f3n EN EL MOMENTO mismo de retirar la libreta de viaje. Reclamos en d\u00edas sucesivos implican que el interesado deber\u00e1 pagar por un nuevo pasaporte<\/strong>.<br \/>\nEl acceso a la Agencia consular para tramitar el pasaporte est\u00e1 permitido solamente a la persona que haya solicitado el correspondiente turno.<br \/>\nEsta Agencia no brinda informaci\u00f3n sobre el ingreso a los Estados unidos con pasaporte italiano. Al respecto, consultar la secci\u00f3n \u201cVisas\u201d del sitio web de la Embajada de los Estados Unidos en Italia (<a href=\"https:\/\/it.usembassy.gov\/visas\/\">https:\/\/it.usembassy.gov\/visas\/<\/a>).<\/p>\n<p><strong>REQUISITOS GENERALES Y DOCUMENTACION REQUERIDA PARA LA EMISI\u00d3N DEL PASAPORTE<br \/>\n<\/strong>El principal requisito es ser residentes en esta jurisdicci\u00f3n consular y estar regularmente inscriptos en este registro consular (deben estar actualizados el estado civil, el domicilio, el nacimiento de hijos menores, etc; de lo contrario es necesario presentarse con antelaci\u00f3n a la oficina Anagrafe).<\/p>\n<p>La documentaci\u00f3n abajo indicada debe ser presentada en original:<\/p>\n<p>\u2022 pasaporte italiano vencido o vigente, en caso de existir;<\/p>\n<p>\u2022 DNI vigente original m\u00e1s fotocopia, con domicilio actualizado (si se trata de un menor, tambi\u00e9n DNI de los padres, en original y copia;<\/p>\n<p>\u2022 factura reciente (luz, gas, agua, tel\u00e9fono fijo, cable o Internet, etc) o contrato de alquiler del interesado con la indicaci\u00f3n del domicilio coincidente con el DNI; los estudiantes de hasta 28 a\u00f1os pueden presentar un certificado de alumno regular, con fecha reciente e indicaci\u00f3n de domicilio, m\u00e1s una boleta a nombre de uno de los padres; la factura presentada no es, por s\u00ed misma, prueba de la residencia real, por lo cual esta sede consular se reserva el derecho de verificar la veracidad del domicilio solicitando documentaci\u00f3n extra.<\/p>\n<p>Ante la eventualidad de desperfectos t\u00e9cnicos es aconsejable, <strong>sobre todo para los ni\u00f1os<\/strong>, presentar una (1) fotograf\u00eda reciente (no m\u00e1s de seis meses) conforme a los est\u00e1ndares internacionales ICAO (https:\/\/www.esteri.it\/it\/servizi-consolari-e-visti\/italiani-all-estero\/documenti_di_viaggio\/linee-guida-foto-icao\/): formato carnet con las medidas indicadas, a color, sobre fondo BLANCO, que retraten el rostro de manera frontal, con cejas descubiertas, expresi\u00f3n neutra, boca cerrada y sin anteojos. El rostro debe estar cercano a la c\u00e1mara.<br \/>\n<strong>Es altamente recomendable presentar la foto en caso de ni\u00f1os peque\u00f1os<\/strong>.<\/p>\n<p><strong>PADRES DE HIJOS MENORES DE EDAD<\/strong><br \/>\nSeg\u00fan el DL 69\/2023, desde el 14 de junio de 2023 ya no es necesario el consentimiento del otro progenitos para la obtenci\u00f3n del propio documento de identidad (pasaporte y CIE).<br \/>\nEl art\u00edculo 3-bis de la ley 1185\/1967 ahora prev\u00e9e que el otro progenitor pueda solicitar una medida inhibitoria a la entrega del documento, frente al peligro real y concreto de incumplimiento de sus obligaciones parentales por viaje al exterior.<br \/>\nLa intancia podr\u00e1 ser presentada al juez competente del Tribunal ordinario de la jurisdicci\u00f3n de residencia del menor. Si la residencia es en el exterior, le corresponde al juzgado competente a la jurisdicci\u00f3n de inscripci\u00f3n AIRE.<\/p>\n<p><strong>PASAPORTE PARA MENORES DE EDAD<\/strong><br \/>\nSi el turno s\u00f3lo es para hijos menores de edad, \u00e9ste debe ser solicitado por uno de los progenitores y se debe aclarar en el campo \u00abNotas para la sede\u00bb que el pasaporte solicitado s\u00f3lo es para el menor.<br \/>\nPara la solicitud del pasaporte a menores de edad es necesario prestar consentimiento anticipado firmado por ambos progenitores o por quien cumple la responsabilidad parental.<br \/>\nEl consentimiento puede ser manifestado por escrito en alguna de las siguientes maneras:<\/p>\n<ul>\n<li>personalmente en esta Agencia Consular en el momento de la presentaci\u00f3n de la solicitud del pasaporte (es necesario presentar el DNI en original y fotocopia), tambi\u00e9n es posible realizarlo en momentos diferentes (antes del turno), en el caso que alguno de los progenitores no pueda presentarse el d\u00eda del turno.<\/li>\n<li><strong>Atenci\u00f3n<\/strong>: en el caso que el\u00a0<strong>consentimiento<\/strong>\u00a0deba ser firmado en esta Agencia Consular\u00a0<strong>para ser presentado en Italia o en otras sedes consulares italianas en Argentina o en el exterior<\/strong>, es necesario\u00a0<strong>reservar un turno mediante el portal\u00a0<a href=\"https:\/\/prenotami.esteri.it\/\">Prenot@Mi<\/a>, seleccionando el servicio\u00a0 correspondiente<\/strong>. En este caso es necesario pagar en pesos argentinos una tarifa consular equivalente a 20 euros:<\/li>\n<li>personalmente ante cualquier consulado italiano y algunos consulados honorarios, o comisar\u00edas italianas; estas oficinas certificar\u00e1n la firma del progenitor que presta su consentimiento con el pago de la tarifa que corresponda;<\/li>\n<li>personalmente ante un escribano argentino, con apostillado y traducci\u00f3n al italiano;<\/li>\n<\/ul>\n<p>Los ciudadanos italianos y de la Uni\u00f3n Europea pueden manifestar su consentimiento\u00a0<a href=\"https:\/\/conslomasdezamora.esteri.it\/wp-content\/uploads\/2023\/10\/Atto-assenso-passaporto-minori.docx\">firmando el modelo (cliquear aqu\u00ed para su visualizaci\u00f3n<\/a>) y envi\u00e1ndolo por correo adjuntando la copia de un documento del pa\u00eds de la Uni\u00f3n Europea donde aparezca la firma del declarante.<\/p>\n<p><strong>C\u00f3mo proseguir con el consentimiento denegato<\/strong><br \/>\nEn el caso de falta del consentimiento del otro progenitor, el interesado deber\u00e1 presentar una instancia al Agente Consular quien reviste el cargo de Juez de Menores residentes en esta jurisdicci\u00f3n consular (<a href=\"https:\/\/conslomasdezamora.esteri.it\/wp-content\/uploads\/2023\/10\/Richiesta-decreto-consolare-passaporti.doc\">cliquear aqu\u00ed para descargar el modelo<\/a>).<br \/>\nLa instancia est\u00e1 vinculada al pago de una tarifa consular en pesos correspondiente al valor de 11 euros.<\/p>\n<p><strong>COSTO Y VALIDEZ DEL PASAPORTE<br \/>\n<\/strong>El costo de emisi\u00f3n del pasaporte es de \u20ac 116. Dicho importe comprende el costo de la libreta (\u20ac 42,50) y de una tasa gobernativa (\u20ac 73,50). A partir del 01\/07\/2024 el pago s\u00f3lo debe realizarse en pesos argentinos por transferencia bancaria, seg\u00fan el tipo de cambio determinado por el Ministero degli Affari Esteri e della Cooperazione Internazionale. El costo actual en Pesos puede consultarse <a href=\"https:\/\/conslomasdezamora.esteri.it\/wp-content\/uploads\/2026\/03\/TABELLA-DIRITTI-CONSOLARI-2\u00b0-TRIMESTRE-2026.pdf\"><strong>cliqueando en este link<\/strong><\/a>. La tasa administrativa anual sobre el pasaporte fue abolida (no se abona m\u00e1s).<br \/>\nEl importe del pasaporte debe pagarse en pesos argentinos por transferencia bancaria el d\u00eda del turno. El uso del efectivo s\u00f3lo ser\u00e1 aceptado en casos puntuales.<br \/>\nExcepto para los menores de edad, los pasaportes tienen una validez de 10 a\u00f1os y\u00a0<strong>NO SON RENOVABLES<\/strong>. A efectos de poder actualizar la fotograf\u00eda de los ni\u00f1os\/adolescentes, la validez del pasaporte para los menores est\u00e1 establecida sobre la base de la edad: tres a\u00f1os de duraci\u00f3n para los menores de 0 a 3 a\u00f1os; cinco a\u00f1os para los menores de 3 a 18 a\u00f1os.<\/p>\n<p><strong>MENORES QUE VIAJAN SOLOS<br \/>\n<\/strong>Hasta el cumplimiento de los 14 a\u00f1os, los menores italianos pueden expatriar con la condici\u00f3n de que viajen acompa\u00f1ados por al menos uno de los padres o su tutor. De lo contrario, los padres deben completar en esta sede una\u00a0<strong>\u201cDeclaraci\u00f3n de acompa\u00f1amiento\u201d<\/strong>\u00a0con los datos de la persona, del ente o de la compa\u00f1\u00eda de transporte a los cuales los menores ser\u00e1n confiados durante el viaje. Para ellos, los progenitores deber\u00e1n, personalmente, exhibir el pasaje de viaje a nombre del menor y de sus acompa\u00f1antes, as\u00ed como los documentos de identidad de todos los viajeros.<br \/>\nLa declaraci\u00f3n de acompa\u00f1amiento puede ser emitida para un solo viaje (debe entenderse para egreso y\/o ingreso) del pa\u00eds de residencia del menor con un destino determinado y no puede exceder, por norma, el t\u00e9rmino m\u00e1ximo de seis meses. Los que tuviesen la responsabilidad como padres o tutores pueden indicar hasta un m\u00e1ximo de dos acompa\u00f1antes que podr\u00e1n alternarse entre ellos.<br \/>\nAl realizar la declaraci\u00f3n de acompa\u00f1amiento, los que ejerzan la responsabilidad de padres o de tutela, pueden solicitar que los nombres de los acompa\u00f1antes, la duraci\u00f3n del viaje y el destino sean impresos en el pasaporte del menor o, en alternativa, que dichos datos figuren en una constancia por separado que ser\u00e1 emitida por la Oficina competente.<br \/>\nEn el caso que el menor sea confiado a un ente o de una compa\u00f1\u00eda de transporte, para garantizar de forma completa y leg\u00edtima los datos del viaje, ser\u00e1 emitida \u00fanicamente la ya mencionada constancia por separado. Se sugiere que, antes de comprar el pasaje de la compa\u00f1\u00eda de transporte, se verifique si la empresa permite que el menor sea dejado bajo su cuidado.<\/p>\n<p><strong>HURTO O DE EXTRAV\u00cdO DEL PASAPORTE<br \/>\n<\/strong>Las denuncias podr\u00e1n ser presentadas sin turno previo, para proceder a la inmediata revocatoria del pasaporte extraviado o robado (para tramitar una nueva libreta ser\u00e1 necesario reservar un turno online, salvo necesidades de urgencia comprobadas). Documentos a presentar y Consulados competentes a recibirlos:<\/p>\n<p>\u2022 denuncia de hurto o extrav\u00edo del pasaporte: debe ser presentada ante las autoridades del pa\u00eds donde se produjo el hecho. La denuncia de hurto o robo debe estar acompa\u00f1ada por su traducci\u00f3n al italiano. La denuncia debe ser entregada al Consulado italiano competente seg\u00fan el lugar d\u00f3nde se produjo el hecho. En el caso que el robo o hurto se haya producido en Argentina, cada Consulado italiano presente en el pa\u00eds puede recibir su relativa denuncia, con su traducci\u00f3n en italiano, incluso si el hecho sucedi\u00f3 fuera de su jurisdicci\u00f3n, bajo condici\u00f3n que el interesado sea residente en la misma. En el caso de imposibilidad real de efectuar la denuncia ante las autoridades locales, la Agencia Consular puede entregar el nuevo documento previa adquisici\u00f3n de la denuncia del interesado.<br \/>\n\u2022 documento de reconocimiento en curso de validez;<br \/>\n\u2022 a los ciudadanos NO residentes en la jurisdicci\u00f3n consular, en el caso que deban regresar a su naci\u00f3n de residencia, pueden obtener un ETD (documento provisorio de viaje y de emergencia). Este tipo de documento puede ser emitido en fecha de viaje inminente. Si, en cambio, el viaje incluye escalas previas al destino final, la Agencia Consular proceder\u00e1 a solicitar a la Autoridad Italiana competente por residencia (Polic\u00eda de Estado u Oficina Consular) el \u201cNulla Osta\u201d (autorizaci\u00f3n) y delegaci\u00f3n para emitir un nuevo pasaporte. En ambos casos, es necesario presentarse con un pasaje a\u00e9reo que detalle las etapas del viaje.<\/p>\n<p><strong>INFORMACIONES GENERALES<br \/>\n<\/strong>El pasaporte es un documento de viaje y de identidad emitido por la \u201cQuestura\u201d (Polic\u00eda Estatal) en Italia y por los consulados en el exterior. La Oficina Pasaporte de la Agencia Consular se ocupa de la emisi\u00f3n de los pasaportes a ciudadanos italianos residentes en la Circunscripci\u00f3n Consular y a no residentes (en este \u00faltimo caso, previa recepci\u00f3n del \u201cnulla osta e delega\u201d \u2013autorizaci\u00f3n y delegaci\u00f3n- de la autoridad italiana competente por residencia -questura u otro consulado). Presupuesto fundamental para la obtenci\u00f3n del pasaporte es una situaci\u00f3n anagrafica actualizada (registro de estado civil, domicilio, hijos menores).<br \/>\nEl actual pasaporte electr\u00f3nico est\u00e1 dotado de particulares caracter\u00edsticas de impresi\u00f3n anti falsificaci\u00f3n y de un microchip que permite el registro de los datos, certificados electr\u00f3nicamente, referidos al titular del documento y a la autoridad que lo ha emitido. Desde junio del 2010, todos los pasaportes de nueva emisi\u00f3n tienen en su interior el microchip, adem\u00e1s de la imagen del rostro y las huellas digitales del titular. Ha sido abrogada la posibilidad de pr\u00f3rroga del pasaporte sin la sustituci\u00f3n de la libreta y la emisi\u00f3n de un pasaporte colectivo. Tambi\u00e9n fueron abrogadas las normas que preve\u00edan la entrega gratuita a favor de los emigrantes.<br \/>\nLas oficinas consulares est\u00e1n autorizadas a emitir declaraciones de viaje para menores en los casos que tales declaraciones sean requeridas por los pa\u00edses de destino.<br \/>\nTodos los menores de edad deben estar munidos de un pasaporte individual (no es posible inscribirlos en los pasaportes de sus progenitores). Se recuerda que las nuevas normas establecidas a nivel comunitario tienen la finalidad de garantizar una mayor individualizaci\u00f3n y por tanto respaldar la seguridad hacia de los menores.<br \/>\nM\u00e1s informaci\u00f3n sobre el pasaporte:<br \/>\n<a href=\"http:\/\/www.esteri.it\/mae\/it\/italiani_nel_mondo\/serviziconsolari\/documenti_di_viaggio\/passaporto.html\">http:\/\/www.esteri.it\/mae\/it\/italiani_nel_mondo\/serviziconsolari\/documenti_di_viaggio\/passaporto.html<\/a><\/p>\n","protected":false},"excerpt":{"rendered":"C\u00d3MO SOLICITAR EL PASAPORTE Y SUS REQUISITOS Los turnos se abren de lunes a viernes a las 14:00 (hora italiana) y\u00a0se\u00a0reservan exclusivamente a trav\u00e9s del link \u00abPrenot@Mi\u00bb de nuestro sitio web www.conslomasdezamora.esteri.it,\u00a0s\u00f3lo para quienes residan en nuestra circunscripci\u00f3n, que abarca las localidades de Almirante Brown, Esteban Echeverr\u00eda, Ezeiza, Lan\u00fas, Lomas de Zamora, San Vicente, Presidente [&hellip;]","protected":false},"author":1,"featured_media":0,"parent":155,"menu_order":0,"comment_status":"closed","ping_status":"closed","template":"","meta":{"footnotes":""},"class_list":["post-156","page","type-page","status-publish","hentry"],"_links":{"self":[{"href":"https:\/\/conslomasdezamora.esteri.it\/es\/wp-json\/wp\/v2\/pages\/156","targetHints":{"allow":["GET"]}}],"collection":[{"href":"https:\/\/conslomasdezamora.esteri.it\/es\/wp-json\/wp\/v2\/pages"}],"about":[{"href":"https:\/\/conslomasdezamora.esteri.it\/es\/wp-json\/wp\/v2\/types\/page"}],"author":[{"embeddable":true,"href":"https:\/\/conslomasdezamora.esteri.it\/es\/wp-json\/wp\/v2\/users\/1"}],"replies":[{"embeddable":true,"href":"https:\/\/conslomasdezamora.esteri.it\/es\/wp-json\/wp\/v2\/comments?post=156"}],"version-history":[{"count":9,"href":"https:\/\/conslomasdezamora.esteri.it\/es\/wp-json\/wp\/v2\/pages\/156\/revisions"}],"predecessor-version":[{"id":5614,"href":"https:\/\/conslomasdezamora.esteri.it\/es\/wp-json\/wp\/v2\/pages\/156\/revisions\/5614"}],"up":[{"embeddable":true,"href":"https:\/\/conslomasdezamora.esteri.it\/es\/wp-json\/wp\/v2\/pages\/155"}],"wp:attachment":[{"href":"https:\/\/conslomasdezamora.esteri.it\/es\/wp-json\/wp\/v2\/media?parent=156"}],"curies":[{"name":"wp","href":"https:\/\/api.w.org\/{rel}","templated":true}]}}