{"id":134,"date":"2023-04-03T19:16:15","date_gmt":"2023-04-03T22:16:15","guid":{"rendered":"https:\/\/conslomasdezamora.esteri.it\/chi-siamo\/numeri-di-emergenza\/"},"modified":"2025-06-16T14:19:05","modified_gmt":"2025-06-16T17:19:05","slug":"numeri-di-emergenza","status":"publish","type":"page","link":"https:\/\/conslomasdezamora.esteri.it\/es\/chi-siamo\/numeri-di-emergenza\/","title":{"rendered":"N\u00fameros de emergencia"},"content":{"rendered":"<p>Celular de emergencia: en caso de emergencias graves, y en ning\u00fan caso para solicitar informaci\u00f3n, se puede llamar durante los fines de semana de 9:00 a 21:00 horas el numero 1145305629 (desde Italia +54 911 45305629). En caso de emergencias, otros d\u00edas y horarios, es posible llamar al n\u00famero +39 06 3691 2790.<\/p>\n","protected":false},"excerpt":{"rendered":"Celular de emergencia: en caso de emergencias graves, y en ning\u00fan caso para solicitar informaci\u00f3n, se puede llamar durante los fines de semana de 9:00 a 21:00 horas el numero 1145305629 (desde Italia +54 911 45305629). En caso de emergencias, otros d\u00edas y horarios, es posible llamar al n\u00famero +39 06 3691 2790.","protected":false},"author":1,"featured_media":0,"parent":123,"menu_order":10,"comment_status":"closed","ping_status":"closed","template":"","meta":{"footnotes":""},"class_list":["post-134","page","type-page","status-publish","hentry"],"_links":{"self":[{"href":"https:\/\/conslomasdezamora.esteri.it\/es\/wp-json\/wp\/v2\/pages\/134","targetHints":{"allow":["GET"]}}],"collection":[{"href":"https:\/\/conslomasdezamora.esteri.it\/es\/wp-json\/wp\/v2\/pages"}],"about":[{"href":"https:\/\/conslomasdezamora.esteri.it\/es\/wp-json\/wp\/v2\/types\/page"}],"author":[{"embeddable":true,"href":"https:\/\/conslomasdezamora.esteri.it\/es\/wp-json\/wp\/v2\/users\/1"}],"replies":[{"embeddable":true,"href":"https:\/\/conslomasdezamora.esteri.it\/es\/wp-json\/wp\/v2\/comments?post=134"}],"version-history":[{"count":2,"href":"https:\/\/conslomasdezamora.esteri.it\/es\/wp-json\/wp\/v2\/pages\/134\/revisions"}],"predecessor-version":[{"id":3525,"href":"https:\/\/conslomasdezamora.esteri.it\/es\/wp-json\/wp\/v2\/pages\/134\/revisions\/3525"}],"up":[{"embeddable":true,"href":"https:\/\/conslomasdezamora.esteri.it\/es\/wp-json\/wp\/v2\/pages\/123"}],"wp:attachment":[{"href":"https:\/\/conslomasdezamora.esteri.it\/es\/wp-json\/wp\/v2\/media?parent=134"}],"curies":[{"name":"wp","href":"https:\/\/api.w.org\/{rel}","templated":true}]}}