{"id":129,"date":"2023-04-03T19:15:47","date_gmt":"2023-04-03T22:15:47","guid":{"rendered":"https:\/\/conslomasdezamora.esteri.it\/chi-siamo\/gli-uffici\/"},"modified":"2024-05-23T13:45:45","modified_gmt":"2024-05-23T16:45:45","slug":"gli-uffici","status":"publish","type":"page","link":"https:\/\/conslomasdezamora.esteri.it\/es\/chi-siamo\/gli-uffici\/","title":{"rendered":"Las oficinas"},"content":{"rendered":"<p>Avenida Meeks 701, (1834) Temperley.<\/p>\n<p>Atenci\u00f3n al p\u00fablico de lunes a viernes de 9:00 a 14 hs.<\/p>\n<p>&nbsp;<\/p>\n<p>Celular de emergencia: en caso de emergencias graves, y en ning\u00fan caso para solicitar informaci\u00f3n, se puede llamar durante los fines de semana de 9:00 a 21:00 horas el numero 1145305629 (desde Italia +54 911 45305629). En caso de emergencias, otros d\u00edas y horarios, es posible llamar al n\u00famero +39 06 3691 2790.<\/p>\n<p>&nbsp;<\/p>\n<p><strong>Aviso<\/strong>: Se solicita a los usuarios no enviar los mismos mensajes simultaneamente a varias oficinas y verificar la publicaci\u00f3n del presente sitio web ante la posibilidad de requerir informaci\u00f3n cuyas respuestas ya est\u00e1n disponibles.<\/p>\n<p>Para un servicio m\u00e1s eficiente, se solicita firmar sus correos electr\u00f3nicos o indicar nombre y apellido del remitente.<\/p>\n<p>Las respuestas que incluyan datos personales ser\u00e1n dirigidas s\u00f3lo a las personas interesadas, que deber\u00e1n enviar copias de sus documentos en curso de validez, o a una persona formalmente autorizada.<\/p>\n<p>&nbsp;<\/p>\n<p>no ser\u00e1n considerados, as\u00ed como tampoco las llamadas telef\u00f3nicas por informaci\u00f3n ya publicada en este sitio web. Favor de escribir mails \u00fanicamente a la oficina competente.<\/p>\n<p>&nbsp;<\/p>\n<p><strong>Secretar\u00eda<br \/>\n<\/strong><a href=\"mailto:segreteria.lomas@esteri.it\">segreteria.lomas@esteri.it<\/a><\/p>\n<p><strong>Administraci\u00f3n y contabilidad<br \/>\n<\/strong><a href=\"mailto:contabile.lomas@esteri.it\">contabile.lomas@esteri.it<\/a><\/p>\n<p><strong>Anagrafe<br \/>\n<\/strong><a href=\"mailto:anagrafe.lomas@esteri.it\">anagrafe.lomas@esteri.it<\/a><\/p>\n<p><strong>Asistencia social\u00a0<\/strong>(no asistencia t\u00e9cnica ni de tr\u00e1mites consulares)<strong><br \/>\n<\/strong><a href=\"mailto:assistenza.lomas@esteri.it\">assistenza.lomas@esteri.it<\/a><\/p>\n<p><strong>Ciudadan\u00eda<br \/>\n<\/strong><a href=\"mailto:cittadinanza.lomas@esteri.it\">cittadinanza.lomas@esteri.it<\/a><\/p>\n<p><strong>Electoral<br \/>\n<\/strong><a href=\"mailto:elettorale.lomas@esteri.it\">elettorale.lomas@esteri.it<\/a><\/p>\n<p><strong>Naturalizaci\u00f3n<br \/>\n<\/strong><a href=\"mailto:lomas.naturalizzaz@esteri.it\">lomas.naturalizzaz@esteri.it<\/a><\/p>\n<p><strong>Notarial y estudios<br \/>\n<\/strong><a href=\"mailto:notarile.lomas@esteri.it\">notarile.lomas@esteri.it<\/a><\/p>\n<p><strong>Pasaportes<br \/>\n<\/strong><a href=\"mailto:passaporti.lomas@esteri.it\">passaporti.lomas@esteri.it<\/a><\/p>\n<p><strong>Pensiones y jubilaciones<br \/>\n<\/strong><a href=\"mailto:pensioni.lomas@esteri.it\">pensioni.lomas@esteri.it<\/a><\/p>\n<p><strong>Estado Civil<br \/>\n<\/strong><a href=\"mailto:statocivile.lomas@esteri.it\">statocivile.lomas@esteri.it<\/a><\/p>\n<p><strong>Archivo<\/strong><br \/>\n<a href=\"mailto:archivio.lomas@esteri.it\">archivio.lomas@esteri.it<\/a><\/p>\n<p>&nbsp;<\/p>\n<p><strong>Contactos\u00a0s\u00f3lo\u00a0para usuarios PEC:<\/strong><\/p>\n<p><a href=\"mailto:con.lomasdezamora@cert.esteri.it\">con.lomasdezamora@cert.esteri.it<\/a>\u00a0(Sede)<\/p>\n<p><a href=\"mailto:con.lomasdezamora.pass@cert.esteri.it\">con.lomasdezamora.pass@cert.esteri.it<\/a>\u00a0(Of. Pasaportes)<\/p>\n","protected":false},"excerpt":{"rendered":"Avenida Meeks 701, (1834) Temperley. Atenci\u00f3n al p\u00fablico de lunes a viernes de 9:00 a 14 hs. &nbsp; Celular de emergencia: en caso de emergencias graves, y en ning\u00fan caso para solicitar informaci\u00f3n, se puede llamar durante los fines de semana de 9:00 a 21:00 horas el numero 1145305629 (desde Italia +54 911 45305629). En [&hellip;]","protected":false},"author":1,"featured_media":0,"parent":123,"menu_order":6,"comment_status":"closed","ping_status":"closed","template":"","meta":{"footnotes":""},"class_list":["post-129","page","type-page","status-publish","hentry"],"_links":{"self":[{"href":"https:\/\/conslomasdezamora.esteri.it\/es\/wp-json\/wp\/v2\/pages\/129","targetHints":{"allow":["GET"]}}],"collection":[{"href":"https:\/\/conslomasdezamora.esteri.it\/es\/wp-json\/wp\/v2\/pages"}],"about":[{"href":"https:\/\/conslomasdezamora.esteri.it\/es\/wp-json\/wp\/v2\/types\/page"}],"author":[{"embeddable":true,"href":"https:\/\/conslomasdezamora.esteri.it\/es\/wp-json\/wp\/v2\/users\/1"}],"replies":[{"embeddable":true,"href":"https:\/\/conslomasdezamora.esteri.it\/es\/wp-json\/wp\/v2\/comments?post=129"}],"version-history":[{"count":3,"href":"https:\/\/conslomasdezamora.esteri.it\/es\/wp-json\/wp\/v2\/pages\/129\/revisions"}],"predecessor-version":[{"id":2147,"href":"https:\/\/conslomasdezamora.esteri.it\/es\/wp-json\/wp\/v2\/pages\/129\/revisions\/2147"}],"up":[{"embeddable":true,"href":"https:\/\/conslomasdezamora.esteri.it\/es\/wp-json\/wp\/v2\/pages\/123"}],"wp:attachment":[{"href":"https:\/\/conslomasdezamora.esteri.it\/es\/wp-json\/wp\/v2\/media?parent=129"}],"curies":[{"name":"wp","href":"https:\/\/api.w.org\/{rel}","templated":true}]}}