{"id":128,"date":"2023-04-03T19:15:30","date_gmt":"2023-04-03T22:15:30","guid":{"rendered":"https:\/\/conslomasdezamora.esteri.it\/chi-siamo\/la-sede\/"},"modified":"2024-03-06T15:51:06","modified_gmt":"2024-03-06T18:51:06","slug":"la-sede","status":"publish","type":"page","link":"https:\/\/conslomasdezamora.esteri.it\/es\/chi-siamo\/la-sede\/","title":{"rendered":"Sede"},"content":{"rendered":"<p>La Agencia Consular de Italia en Lomas de Zamora brinda <a href=\"https:\/\/conslomasdezamora.esteri.it\/es\/servizi-consolari-e-visti\/\"><strong>servicios consulares<\/strong><\/a> a los italianos residentes en la jurisdicci\u00f3n y a los connacionales presentes temporanemanete.<\/p>\n<p>Para acceder a la Agencia Consular es necesario presentar un documento de identidad en curso de validez, con fotograf\u00eda reconocibile.<\/p>\n<p>A los efectos de acceder a los servicios reservados a los residentes, se solicitar\u00e1 una prueba de la residencia en esta circunscripci\u00f3n consular (recibo de un servicio, reciente y a nombre del interesado).<\/p>\n<p>La Sede es encuentra en Avenida Meeks, 701 \u2013 CAP 1834, Temperley (Argentina). Tel\u00e9fono (+54) 11 4358 4300<\/p>\n<p>Atenci\u00f3n al p\u00fablico de lunes a viernes de 9:00 a 14:00.<\/p>\n<p>Los servicios de Pasaportes, Carta d&#8217;Identit\u00e0 Elettronica (CIE) y Ciudadan\u00eda s\u00f3lo atienden al p\u00fablico con turno previo.<\/p>\n","protected":false},"excerpt":{"rendered":"La Agencia Consular de Italia en Lomas de Zamora brinda servicios consulares a los italianos residentes en la jurisdicci\u00f3n y a los connacionales presentes temporanemanete. Para acceder a la Agencia Consular es necesario presentar un documento de identidad en curso de validez, con fotograf\u00eda reconocibile. A los efectos de acceder a los servicios reservados a [&hellip;]","protected":false},"author":1,"featured_media":0,"parent":123,"menu_order":2,"comment_status":"closed","ping_status":"closed","template":"","meta":{"footnotes":""},"class_list":["post-128","page","type-page","status-publish","hentry"],"_links":{"self":[{"href":"https:\/\/conslomasdezamora.esteri.it\/es\/wp-json\/wp\/v2\/pages\/128","targetHints":{"allow":["GET"]}}],"collection":[{"href":"https:\/\/conslomasdezamora.esteri.it\/es\/wp-json\/wp\/v2\/pages"}],"about":[{"href":"https:\/\/conslomasdezamora.esteri.it\/es\/wp-json\/wp\/v2\/types\/page"}],"author":[{"embeddable":true,"href":"https:\/\/conslomasdezamora.esteri.it\/es\/wp-json\/wp\/v2\/users\/1"}],"replies":[{"embeddable":true,"href":"https:\/\/conslomasdezamora.esteri.it\/es\/wp-json\/wp\/v2\/comments?post=128"}],"version-history":[{"count":6,"href":"https:\/\/conslomasdezamora.esteri.it\/es\/wp-json\/wp\/v2\/pages\/128\/revisions"}],"predecessor-version":[{"id":1701,"href":"https:\/\/conslomasdezamora.esteri.it\/es\/wp-json\/wp\/v2\/pages\/128\/revisions\/1701"}],"up":[{"embeddable":true,"href":"https:\/\/conslomasdezamora.esteri.it\/es\/wp-json\/wp\/v2\/pages\/123"}],"wp:attachment":[{"href":"https:\/\/conslomasdezamora.esteri.it\/es\/wp-json\/wp\/v2\/media?parent=128"}],"curies":[{"name":"wp","href":"https:\/\/api.w.org\/{rel}","templated":true}]}}